{"id":212,"date":"2025-08-16T13:11:35","date_gmt":"2025-08-16T13:11:35","guid":{"rendered":"https:\/\/www.pelvicarestudio.com\/?page_id=212"},"modified":"2025-10-12T13:53:09","modified_gmt":"2025-10-12T13:53:09","slug":"seja-nosso-parceiro","status":"publish","type":"page","link":"https:\/\/www.pelvicarestudio.com\/index.php\/seja-nosso-parceiro\/","title":{"rendered":"Seja nosso parceiro"},"content":{"rendered":"\n<div style=\"height:100px\" aria-hidden=\"true\" class=\"wp-block-spacer\"><\/div>\n\n\n\n<h2 class=\"wp-block-heading has-text-align-center\">Seja nosso parceiro<\/h2>\n\n\n\n<div class=\"wp-block-columns alignfull is-layout-flex wp-container-core-columns-is-layout-9d6595d7 wp-block-columns-is-layout-flex\">\n<div class=\"wp-block-column is-layout-flow wp-block-column-is-layout-flow\" style=\"flex-basis:15%\"><\/div>\n\n\n\n<div class=\"wp-block-column is-layout-flow wp-block-column-is-layout-flow\" style=\"flex-basis:70%\">\n<p class=\"has-text-align-center\" style=\"padding-right:var(--wp--preset--spacing--60);padding-left:var(--wp--preset--spacing--60)\">A Pelvicare convida cl\u00ednicas m\u00e9dicas, fisioterapeutas e est\u00fadios de sa\u00fade e bem-estar a tornarem-se parceiros numa revolu\u00e7\u00e3o poderosa, da sa\u00fade \u00edntima! A nossa cadeira de eletroestimula\u00e7\u00e3o p\u00e9lvica com tecnologia HIFEM representa o que h\u00e1 de mais avan\u00e7ado em tratamentos n\u00e3o invasivos para fortalecimento muscular, recupera\u00e7\u00e3o p\u00f3s-parto, incontin\u00eancia urin\u00e1ria e bem-estar \u00edntimo. <br><br><strong>Ao integrar esta solu\u00e7\u00e3o no seu espa\u00e7o, estar\u00e1 a oferecer aos seus clientes um servi\u00e7o altamente procurado, eficaz e com resultados comprovados \u2013 sem necessidade de interven\u00e7\u00e3o cir\u00fargica ou desconforto.<br><\/strong><\/p>\n\n\n\n<div style=\"height:23px\" aria-hidden=\"true\" class=\"wp-block-spacer\"><\/div>\n<\/div>\n\n\n\n<div class=\"wp-block-column is-layout-flow wp-block-column-is-layout-flow\" style=\"flex-basis:15%\"><\/div>\n<\/div>\n\n\n\n<div class=\"wp-block-cover alignfull\"><img loading=\"lazy\" decoding=\"async\" width=\"879\" height=\"626\" class=\"wp-block-cover__image-background wp-image-683\" alt=\"\" src=\"https:\/\/www.pelvicarestudio.com\/wp-content\/uploads\/2025\/09\/pelvicare-chair-in-sito.jpg\" data-object-fit=\"cover\" srcset=\"https:\/\/www.pelvicarestudio.com\/wp-content\/uploads\/2025\/09\/pelvicare-chair-in-sito.jpg 879w, https:\/\/www.pelvicarestudio.com\/wp-content\/uploads\/2025\/09\/pelvicare-chair-in-sito-300x214.jpg 300w, https:\/\/www.pelvicarestudio.com\/wp-content\/uploads\/2025\/09\/pelvicare-chair-in-sito-768x547.jpg 768w\" sizes=\"auto, (max-width: 879px) 100vw, 879px\" \/><span aria-hidden=\"true\" class=\"wp-block-cover__background has-background-dim\"><\/span><div class=\"wp-block-cover__inner-container is-layout-flow wp-block-cover-is-layout-flow\">\n<p class=\"has-text-align-center has-large-font-size\" style=\"padding-top:0;padding-right:var(--wp--preset--spacing--60);padding-bottom:0;padding-left:var(--wp--preset--spacing--60)\"><strong><strong>Leve a inova\u00e7\u00e3o da Pelvicare at\u00e9 aos seus pacientes!<\/strong><\/strong><\/p>\n\n\n\n<p class=\"has-text-align-center\" style=\"padding-right:var(--wp--preset--spacing--60);padding-left:var(--wp--preset--spacing--60)\">Mais do que um equipamento, oferecemos uma parceria estrat\u00e9gica. A Pelvicare garante forma\u00e7\u00e3o especializada, acompanhamento e suporte t\u00e9cnico dedicado, para que possa implementar este servi\u00e7o com confian\u00e7a, seguran\u00e7a e total apoio.<\/p>\n<\/div><\/div>\n\n\n\n<div class=\"wp-block-columns alignwide is-layout-flex wp-container-core-columns-is-layout-9d6595d7 wp-block-columns-is-layout-flex\">\n<div class=\"wp-block-column is-layout-flow wp-block-column-is-layout-flow\" style=\"flex-basis:15%\"><\/div>\n\n\n\n<div class=\"wp-block-column is-layout-flow wp-block-column-is-layout-flow\" style=\"padding-right:var(--wp--preset--spacing--60);padding-left:var(--wp--preset--spacing--60);flex-basis:70%\">\n<div style=\"height:71px\" aria-hidden=\"true\" class=\"wp-block-spacer\"><\/div>\n\n\n\n<p class=\"has-text-align-center\" style=\"font-size:24px\"><strong>Benef\u00edcios Exclusivos para Parceiros Pelvicare<\/strong><\/p>\n\n\n\n<hr class=\"wp-block-separator aligncenter has-text-color has-nv-light-bg-color has-alpha-channel-opacity has-nv-light-bg-background-color has-background\"\/>\n\n\n\n<div style=\"height:40px\" aria-hidden=\"true\" class=\"wp-block-spacer\"><\/div>\n\n\n\n<div class=\"wp-block-media-text is-vertically-aligned-top\" style=\"grid-template-columns:20% auto\"><figure class=\"wp-block-media-text__media\"><img loading=\"lazy\" decoding=\"async\" width=\"110\" height=\"110\" src=\"https:\/\/www.pelvicarestudio.com\/wp-content\/uploads\/2025\/09\/site-graphics_pictogram-benefits_01.png\" alt=\"\" class=\"wp-image-568 size-full\"\/><\/figure><div class=\"wp-block-media-text__content\">\n<h2 class=\"wp-block-heading has-neve-link-color-color has-text-color has-link-color has-medium-font-size wp-elements-721234e707942ba58582fe4423137acf\"><strong>Diferencia\u00e7\u00e3o Competitiva<\/strong><\/h2>\n\n\n\n<p>Destaque-se no mercado com uma tecnologia inovadora e exclusiva, que agrega valor \u00e0 sua marca.<\/p>\n<\/div><\/div>\n\n\n\n<div style=\"height:32px\" aria-hidden=\"true\" class=\"wp-block-spacer\"><\/div>\n\n\n\n<hr class=\"wp-block-separator aligncenter has-text-color has-nv-light-bg-color has-alpha-channel-opacity has-nv-light-bg-background-color has-background\"\/>\n\n\n\n<div style=\"height:40px\" aria-hidden=\"true\" class=\"wp-block-spacer\"><\/div>\n\n\n\n<div class=\"wp-block-media-text is-vertically-aligned-top\" style=\"grid-template-columns:20% auto\"><figure class=\"wp-block-media-text__media\"><img loading=\"lazy\" decoding=\"async\" width=\"110\" height=\"110\" src=\"https:\/\/www.pelvicarestudio.com\/wp-content\/uploads\/2025\/09\/site-graphics_pictogram-benefits_03.png\" alt=\"\" class=\"wp-image-570 size-full\"\/><\/figure><div class=\"wp-block-media-text__content\">\n<h2 class=\"wp-block-heading has-neve-link-color-color has-text-color has-link-color has-medium-font-size wp-elements-2e5b4c09fc7272770ecb8964218eb33b\"><strong>Forma\u00e7\u00e3o Especializada<\/strong><\/h2>\n\n\n\n<p>Capacita\u00e7\u00e3o completa para si e para a sua equipa.<\/p>\n<\/div><\/div>\n\n\n\n<div style=\"height:32px\" aria-hidden=\"true\" class=\"wp-block-spacer\"><\/div>\n\n\n\n<hr class=\"wp-block-separator aligncenter has-text-color has-nv-light-bg-color has-alpha-channel-opacity has-nv-light-bg-background-color has-background\"\/>\n\n\n\n<div style=\"height:40px\" aria-hidden=\"true\" class=\"wp-block-spacer\"><\/div>\n\n\n\n<div class=\"wp-block-media-text is-vertically-aligned-top\" style=\"grid-template-columns:20% auto\"><figure class=\"wp-block-media-text__media\"><img loading=\"lazy\" decoding=\"async\" width=\"110\" height=\"110\" src=\"https:\/\/www.pelvicarestudio.com\/wp-content\/uploads\/2025\/09\/site-graphics_pictogram-benefits_04.png\" alt=\"\" class=\"wp-image-571 size-full\"\/><\/figure><div class=\"wp-block-media-text__content\">\n<h2 class=\"wp-block-heading has-neve-link-color-color has-text-color has-link-color has-medium-font-size wp-elements-d0eebeed4840d32d99aeaaa40851096a\"><strong>Expans\u00e3o de Servi\u00e7os<\/strong><\/h2>\n\n\n\n<p>Enrique\u00e7a a sua oferta com um tratamento complementar que fideliza pacientes e atrai novos p\u00fablicos.<\/p>\n<\/div><\/div>\n\n\n\n<div style=\"height:32px\" aria-hidden=\"true\" class=\"wp-block-spacer\"><\/div>\n\n\n\n<hr class=\"wp-block-separator aligncenter has-text-color has-nv-light-bg-color has-alpha-channel-opacity has-nv-light-bg-background-color has-background\"\/>\n\n\n\n<div style=\"height:40px\" aria-hidden=\"true\" class=\"wp-block-spacer\"><\/div>\n\n\n\n<div class=\"wp-block-media-text is-vertically-aligned-top\" style=\"grid-template-columns:20% auto\"><figure class=\"wp-block-media-text__media\"><img loading=\"lazy\" decoding=\"async\" width=\"110\" height=\"110\" src=\"https:\/\/www.pelvicarestudio.com\/wp-content\/uploads\/2025\/09\/site-graphics_pictogram-benefits_05.png\" alt=\"\" class=\"wp-image-572 size-full\"\/><\/figure><div class=\"wp-block-media-text__content\">\n<h2 class=\"wp-block-heading has-neve-link-color-color has-text-color has-link-color has-medium-font-size wp-elements-12dd438c1d3b3cdb51089c7783adb060\"><strong>Suporte Comercial<\/strong><\/h2>\n\n\n\n<p>Divulga\u00e7\u00e3o do seu espa\u00e7o, atrav\u00e9s do web site e das redes sociais da Pelvicare Studio potenciando a angaria\u00e7\u00e3o de novos clientes.<\/p>\n<\/div><\/div>\n\n\n\n<div style=\"height:32px\" aria-hidden=\"true\" class=\"wp-block-spacer\"><\/div>\n\n\n\n<hr class=\"wp-block-separator aligncenter has-text-color has-nv-light-bg-color has-alpha-channel-opacity has-nv-light-bg-background-color has-background\"\/>\n\n\n\n<div style=\"height:40px\" aria-hidden=\"true\" class=\"wp-block-spacer\"><\/div>\n\n\n\n<div class=\"wp-block-media-text is-vertically-aligned-top\" style=\"grid-template-columns:20% auto\"><figure class=\"wp-block-media-text__media\"><img loading=\"lazy\" decoding=\"async\" width=\"110\" height=\"110\" src=\"https:\/\/www.pelvicarestudio.com\/wp-content\/uploads\/2025\/09\/site-graphics_pictogram-benefits_06.png\" alt=\"\" class=\"wp-image-573 size-full\"\/><\/figure><div class=\"wp-block-media-text__content\">\n<h2 class=\"wp-block-heading has-neve-link-color-color has-text-color has-link-color has-medium-font-size wp-elements-ff5db07d0c95a4969a10d85f7b82167a\"><strong>Parceria Estrat\u00e9gica<\/strong><\/h2>\n\n\n\n<p>Cres\u00e7a com uma marca focada em sa\u00fade \u00edntima, bem-estar e inova\u00e7\u00e3o tecnol\u00f3gica.<\/p>\n<\/div><\/div>\n\n\n\n<div style=\"height:32px\" aria-hidden=\"true\" class=\"wp-block-spacer\"><\/div>\n\n\n\n<hr class=\"wp-block-separator aligncenter has-text-color has-nv-light-bg-color has-alpha-channel-opacity has-nv-light-bg-background-color has-background\"\/>\n<\/div>\n\n\n\n<div class=\"wp-block-column is-layout-flow wp-block-column-is-layout-flow\" style=\"flex-basis:15%\"><\/div>\n<\/div>\n\n\n\n<div class=\"wp-block-columns alignwide is-layout-flex wp-container-core-columns-is-layout-9d6595d7 wp-block-columns-is-layout-flex\">\n<div class=\"wp-block-column is-layout-flow wp-block-column-is-layout-flow\" style=\"flex-basis:15%\"><\/div>\n\n\n\n<div class=\"wp-block-column is-layout-flow wp-block-column-is-layout-flow\" style=\"flex-basis:70%\">\n<div style=\"height:44px\" aria-hidden=\"true\" class=\"wp-block-spacer\"><\/div>\n\n\n\n<h2 class=\"wp-block-heading has-text-align-center has-neve-link-color-color has-text-color has-link-color wp-elements-6c7f7ee69c12f861b21f52ff08809c34\" style=\"padding-right:var(--wp--preset--spacing--70);padding-left:var(--wp--preset--spacing--70);font-size:26px\"><strong><strong>Como Funciona?<\/strong><\/strong><\/h2>\n\n\n\n<p class=\"has-text-align-center\" style=\"padding-right:var(--wp--preset--spacing--60);padding-left:var(--wp--preset--spacing--60)\"><strong>Alugue a cadeira Pelvicare: <\/strong>Implemente o tratamento no seu espa\u00e7o com total seguran\u00e7a e suporte. Ofere\u00e7a sess\u00f5es aos seus pacientes e veja o impacto positivo na sua cl\u00ednica e nos resultados.<\/p>\n\n\n<div class=\"wp-block-image\">\n<figure class=\"aligncenter size-full is-resized\"><img loading=\"lazy\" decoding=\"async\" width=\"946\" height=\"1048\" src=\"https:\/\/www.pelvicarestudio.com\/wp-content\/uploads\/2025\/10\/site-graphics_pelvicare-chair_active.gif\" alt=\"\" class=\"wp-image-722\" style=\"width:368px;height:auto\"\/><\/figure>\n<\/div>\n\n\n<p class=\"has-text-align-center has-medium-font-size\" style=\"padding-right:var(--wp--preset--spacing--60);padding-left:var(--wp--preset--spacing--60)\"><strong>Transforme e dinamize o seu espa\u00e7o com a integra\u00e7\u00e3o de uma tecnologia l\u00edder em sa\u00fade \u00edntima.<\/strong><\/p>\n\n\n\n<div style=\"height:16px\" aria-hidden=\"true\" class=\"wp-block-spacer\"><\/div>\n\n\n\n<h2 class=\"wp-block-heading has-text-align-center has-neve-link-color-color has-text-color has-link-color wp-elements-46b92bfe407d4ed5c9953f94c38b69e5\"><strong>Seja parceiro Pelvicare.<\/strong><\/h2>\n\n\n\n<p class=\"has-text-align-center\">Contacte-nos: <img loading=\"lazy\" decoding=\"async\" width=\"72\" height=\"72\" class=\"wp-image-789\" style=\"width: 22px; vertical-align: text-bottom;\" src=\"https:\/\/www.pelvicarestudio.com\/wp-content\/uploads\/2025\/10\/icon-mail.png\" alt=\"\"> <strong><a href=\"mailto:geral@pelvicarestudio.com\">geral@pelvicarestudio.com<\/a><\/strong><br><br><strong>WhatsApp<\/strong>\u00a0<img loading=\"lazy\" decoding=\"async\" width=\"72\" height=\"72\" class=\"wp-image-787\" style=\"width: 22px; vertical-align: text-bottom;\" src=\"https:\/\/www.pelvicarestudio.com\/wp-content\/uploads\/2025\/10\/icon-wapp.png\" alt=\"\"> Ligue para: +351 <strong>968 160 679<\/strong><\/p>\n\n\n\n<div style=\"height:44px\" aria-hidden=\"true\" class=\"wp-block-spacer\"><\/div>\n<\/div>\n\n\n\n<div class=\"wp-block-column is-layout-flow wp-block-column-is-layout-flow\" style=\"flex-basis:15%\"><\/div>\n<\/div>\n\n\n\n<p><\/p>\n","protected":false},"excerpt":{"rendered":"<p>Seja nosso parceiro A Pelvicare convida cl\u00ednicas m\u00e9dicas, fisioterapeutas e est\u00fadios de sa\u00fade e bem-estar a tornarem-se parceiros numa revolu\u00e7\u00e3o poderosa, da sa\u00fade \u00edntima! A nossa cadeira de eletroestimula\u00e7\u00e3o p\u00e9lvica com tecnologia HIFEM representa o que h\u00e1 de mais avan\u00e7ado em tratamentos n\u00e3o invasivos para fortalecimento muscular, recupera\u00e7\u00e3o p\u00f3s-parto, incontin\u00eancia urin\u00e1ria e bem-estar \u00edntimo. Ao&hellip;&nbsp;<a href=\"https:\/\/www.pelvicarestudio.com\/index.php\/seja-nosso-parceiro\/\" rel=\"bookmark\"><span class=\"screen-reader-text\">Seja nosso parceiro<\/span><\/a><\/p>\n","protected":false},"author":1,"featured_media":0,"parent":0,"menu_order":0,"comment_status":"closed","ping_status":"closed","template":"","meta":{"neve_meta_sidebar":"","neve_meta_container":"","neve_meta_enable_content_width":"on","neve_meta_content_width":100,"neve_meta_title_alignment":"","neve_meta_author_avatar":"","neve_post_elements_order":"","neve_meta_disable_header":"","neve_meta_disable_footer":"","neve_meta_disable_title":"on","footnotes":""},"class_list":["post-212","page","type-page","status-publish","hentry"],"yoast_head":"<!-- This site is optimized with the Yoast SEO plugin v25.6 - https:\/\/yoast.com\/wordpress\/plugins\/seo\/ -->\n<title>Seja nosso parceiro - Pelvicare Studio<\/title>\n<meta name=\"robots\" content=\"index, follow, max-snippet:-1, max-image-preview:large, max-video-preview:-1\" \/>\n<link rel=\"canonical\" href=\"https:\/\/www.pelvicarestudio.com\/index.php\/seja-nosso-parceiro\/\" \/>\n<meta property=\"og:locale\" content=\"pt_PT\" \/>\n<meta property=\"og:type\" content=\"article\" \/>\n<meta property=\"og:title\" content=\"Seja nosso parceiro - Pelvicare Studio\" \/>\n<meta property=\"og:description\" content=\"Seja nosso parceiro A Pelvicare convida cl\u00ednicas m\u00e9dicas, fisioterapeutas e est\u00fadios de sa\u00fade e bem-estar a tornarem-se parceiros numa revolu\u00e7\u00e3o poderosa, da sa\u00fade \u00edntima! A nossa cadeira de eletroestimula\u00e7\u00e3o p\u00e9lvica com tecnologia HIFEM representa o que h\u00e1 de mais avan\u00e7ado em tratamentos n\u00e3o invasivos para fortalecimento muscular, recupera\u00e7\u00e3o p\u00f3s-parto, incontin\u00eancia urin\u00e1ria e bem-estar \u00edntimo. Ao&hellip;&nbsp;Seja nosso parceiro\" \/>\n<meta property=\"og:url\" content=\"https:\/\/www.pelvicarestudio.com\/index.php\/seja-nosso-parceiro\/\" \/>\n<meta property=\"og:site_name\" content=\"Pelvicare Studio\" \/>\n<meta property=\"article:modified_time\" content=\"2025-10-12T13:53:09+00:00\" \/>\n<meta property=\"og:image\" content=\"https:\/\/www.pelvicarestudio.com\/wp-content\/uploads\/2025\/09\/pelvicare-chair-in-sito.jpg\" \/>\n\t<meta property=\"og:image:width\" content=\"879\" \/>\n\t<meta property=\"og:image:height\" content=\"626\" \/>\n\t<meta property=\"og:image:type\" content=\"image\/jpeg\" \/>\n<meta name=\"twitter:card\" content=\"summary_large_image\" \/>\n<meta name=\"twitter:label1\" content=\"Tempo estimado de leitura\" \/>\n\t<meta name=\"twitter:data1\" content=\"4 minutos\" \/>\n<script type=\"application\/ld+json\" class=\"yoast-schema-graph\">{\"@context\":\"https:\/\/schema.org\",\"@graph\":[{\"@type\":\"WebPage\",\"@id\":\"https:\/\/www.pelvicarestudio.com\/index.php\/seja-nosso-parceiro\/\",\"url\":\"https:\/\/www.pelvicarestudio.com\/index.php\/seja-nosso-parceiro\/\",\"name\":\"Seja nosso parceiro - Pelvicare Studio\",\"isPartOf\":{\"@id\":\"https:\/\/www.pelvicarestudio.com\/#website\"},\"primaryImageOfPage\":{\"@id\":\"https:\/\/www.pelvicarestudio.com\/index.php\/seja-nosso-parceiro\/#primaryimage\"},\"image\":{\"@id\":\"https:\/\/www.pelvicarestudio.com\/index.php\/seja-nosso-parceiro\/#primaryimage\"},\"thumbnailUrl\":\"https:\/\/www.pelvicarestudio.com\/wp-content\/uploads\/2025\/09\/pelvicare-chair-in-sito.jpg\",\"datePublished\":\"2025-08-16T13:11:35+00:00\",\"dateModified\":\"2025-10-12T13:53:09+00:00\",\"breadcrumb\":{\"@id\":\"https:\/\/www.pelvicarestudio.com\/index.php\/seja-nosso-parceiro\/#breadcrumb\"},\"inLanguage\":\"pt-PT\",\"potentialAction\":[{\"@type\":\"ReadAction\",\"target\":[\"https:\/\/www.pelvicarestudio.com\/index.php\/seja-nosso-parceiro\/\"]}]},{\"@type\":\"ImageObject\",\"inLanguage\":\"pt-PT\",\"@id\":\"https:\/\/www.pelvicarestudio.com\/index.php\/seja-nosso-parceiro\/#primaryimage\",\"url\":\"https:\/\/www.pelvicarestudio.com\/wp-content\/uploads\/2025\/09\/pelvicare-chair-in-sito.jpg\",\"contentUrl\":\"https:\/\/www.pelvicarestudio.com\/wp-content\/uploads\/2025\/09\/pelvicare-chair-in-sito.jpg\",\"width\":879,\"height\":626},{\"@type\":\"BreadcrumbList\",\"@id\":\"https:\/\/www.pelvicarestudio.com\/index.php\/seja-nosso-parceiro\/#breadcrumb\",\"itemListElement\":[{\"@type\":\"ListItem\",\"position\":1,\"name\":\"In\u00edcio\",\"item\":\"https:\/\/www.pelvicarestudio.com\/\"},{\"@type\":\"ListItem\",\"position\":2,\"name\":\"Seja nosso parceiro\"}]},{\"@type\":\"WebSite\",\"@id\":\"https:\/\/www.pelvicarestudio.com\/#website\",\"url\":\"https:\/\/www.pelvicarestudio.com\/\",\"name\":\"Pelvicare Studio\",\"description\":\"\",\"potentialAction\":[{\"@type\":\"SearchAction\",\"target\":{\"@type\":\"EntryPoint\",\"urlTemplate\":\"https:\/\/www.pelvicarestudio.com\/?s={search_term_string}\"},\"query-input\":{\"@type\":\"PropertyValueSpecification\",\"valueRequired\":true,\"valueName\":\"search_term_string\"}}],\"inLanguage\":\"pt-PT\"}]}<\/script>\n<!-- \/ Yoast SEO plugin. -->","yoast_head_json":{"title":"Seja nosso parceiro - Pelvicare Studio","robots":{"index":"index","follow":"follow","max-snippet":"max-snippet:-1","max-image-preview":"max-image-preview:large","max-video-preview":"max-video-preview:-1"},"canonical":"https:\/\/www.pelvicarestudio.com\/index.php\/seja-nosso-parceiro\/","og_locale":"pt_PT","og_type":"article","og_title":"Seja nosso parceiro - Pelvicare Studio","og_description":"Seja nosso parceiro A Pelvicare convida cl\u00ednicas m\u00e9dicas, fisioterapeutas e est\u00fadios de sa\u00fade e bem-estar a tornarem-se parceiros numa revolu\u00e7\u00e3o poderosa, da sa\u00fade \u00edntima! A nossa cadeira de eletroestimula\u00e7\u00e3o p\u00e9lvica com tecnologia HIFEM representa o que h\u00e1 de mais avan\u00e7ado em tratamentos n\u00e3o invasivos para fortalecimento muscular, recupera\u00e7\u00e3o p\u00f3s-parto, incontin\u00eancia urin\u00e1ria e bem-estar \u00edntimo. Ao&hellip;&nbsp;Seja nosso parceiro","og_url":"https:\/\/www.pelvicarestudio.com\/index.php\/seja-nosso-parceiro\/","og_site_name":"Pelvicare Studio","article_modified_time":"2025-10-12T13:53:09+00:00","og_image":[{"width":879,"height":626,"url":"https:\/\/www.pelvicarestudio.com\/wp-content\/uploads\/2025\/09\/pelvicare-chair-in-sito.jpg","type":"image\/jpeg"}],"twitter_card":"summary_large_image","twitter_misc":{"Tempo estimado de leitura":"4 minutos"},"schema":{"@context":"https:\/\/schema.org","@graph":[{"@type":"WebPage","@id":"https:\/\/www.pelvicarestudio.com\/index.php\/seja-nosso-parceiro\/","url":"https:\/\/www.pelvicarestudio.com\/index.php\/seja-nosso-parceiro\/","name":"Seja nosso parceiro - Pelvicare Studio","isPartOf":{"@id":"https:\/\/www.pelvicarestudio.com\/#website"},"primaryImageOfPage":{"@id":"https:\/\/www.pelvicarestudio.com\/index.php\/seja-nosso-parceiro\/#primaryimage"},"image":{"@id":"https:\/\/www.pelvicarestudio.com\/index.php\/seja-nosso-parceiro\/#primaryimage"},"thumbnailUrl":"https:\/\/www.pelvicarestudio.com\/wp-content\/uploads\/2025\/09\/pelvicare-chair-in-sito.jpg","datePublished":"2025-08-16T13:11:35+00:00","dateModified":"2025-10-12T13:53:09+00:00","breadcrumb":{"@id":"https:\/\/www.pelvicarestudio.com\/index.php\/seja-nosso-parceiro\/#breadcrumb"},"inLanguage":"pt-PT","potentialAction":[{"@type":"ReadAction","target":["https:\/\/www.pelvicarestudio.com\/index.php\/seja-nosso-parceiro\/"]}]},{"@type":"ImageObject","inLanguage":"pt-PT","@id":"https:\/\/www.pelvicarestudio.com\/index.php\/seja-nosso-parceiro\/#primaryimage","url":"https:\/\/www.pelvicarestudio.com\/wp-content\/uploads\/2025\/09\/pelvicare-chair-in-sito.jpg","contentUrl":"https:\/\/www.pelvicarestudio.com\/wp-content\/uploads\/2025\/09\/pelvicare-chair-in-sito.jpg","width":879,"height":626},{"@type":"BreadcrumbList","@id":"https:\/\/www.pelvicarestudio.com\/index.php\/seja-nosso-parceiro\/#breadcrumb","itemListElement":[{"@type":"ListItem","position":1,"name":"In\u00edcio","item":"https:\/\/www.pelvicarestudio.com\/"},{"@type":"ListItem","position":2,"name":"Seja nosso parceiro"}]},{"@type":"WebSite","@id":"https:\/\/www.pelvicarestudio.com\/#website","url":"https:\/\/www.pelvicarestudio.com\/","name":"Pelvicare Studio","description":"","potentialAction":[{"@type":"SearchAction","target":{"@type":"EntryPoint","urlTemplate":"https:\/\/www.pelvicarestudio.com\/?s={search_term_string}"},"query-input":{"@type":"PropertyValueSpecification","valueRequired":true,"valueName":"search_term_string"}}],"inLanguage":"pt-PT"}]}},"_links":{"self":[{"href":"https:\/\/www.pelvicarestudio.com\/index.php\/wp-json\/wp\/v2\/pages\/212","targetHints":{"allow":["GET"]}}],"collection":[{"href":"https:\/\/www.pelvicarestudio.com\/index.php\/wp-json\/wp\/v2\/pages"}],"about":[{"href":"https:\/\/www.pelvicarestudio.com\/index.php\/wp-json\/wp\/v2\/types\/page"}],"author":[{"embeddable":true,"href":"https:\/\/www.pelvicarestudio.com\/index.php\/wp-json\/wp\/v2\/users\/1"}],"replies":[{"embeddable":true,"href":"https:\/\/www.pelvicarestudio.com\/index.php\/wp-json\/wp\/v2\/comments?post=212"}],"version-history":[{"count":54,"href":"https:\/\/www.pelvicarestudio.com\/index.php\/wp-json\/wp\/v2\/pages\/212\/revisions"}],"predecessor-version":[{"id":795,"href":"https:\/\/www.pelvicarestudio.com\/index.php\/wp-json\/wp\/v2\/pages\/212\/revisions\/795"}],"wp:attachment":[{"href":"https:\/\/www.pelvicarestudio.com\/index.php\/wp-json\/wp\/v2\/media?parent=212"}],"curies":[{"name":"wp","href":"https:\/\/api.w.org\/{rel}","templated":true}]}}