{"id":210,"date":"2025-08-16T13:09:33","date_gmt":"2025-08-16T13:09:33","guid":{"rendered":"https:\/\/www.pelvicarestudio.com\/?page_id=210"},"modified":"2025-10-12T12:05:03","modified_gmt":"2025-10-12T12:05:03","slug":"como-funciona","status":"publish","type":"page","link":"https:\/\/www.pelvicarestudio.com\/index.php\/como-funciona\/","title":{"rendered":"Como funciona"},"content":{"rendered":"\n<div style=\"height:100px\" aria-hidden=\"true\" class=\"wp-block-spacer\"><\/div>\n\n\n\n<h2 class=\"wp-block-heading has-text-align-center\">Como funciona<\/h2>\n\n\n\n<div class=\"wp-block-columns alignfull is-layout-flex wp-container-core-columns-is-layout-9d6595d7 wp-block-columns-is-layout-flex\">\n<div class=\"wp-block-column is-layout-flow wp-block-column-is-layout-flow\" style=\"flex-basis:15%\"><\/div>\n\n\n\n<div class=\"wp-block-column is-layout-flow wp-block-column-is-layout-flow\" style=\"flex-basis:70%\">\n<p class=\"has-text-align-center\" style=\"padding-right:var(--wp--preset--spacing--60);padding-left:var(--wp--preset--spacing--60)\">A cadeira <strong>Pelvicare <\/strong>utiliza tecnologia <strong>HIFEM <\/strong>(High-Intensity Focused Electromagnetic) para promover uma estimula\u00e7\u00e3o profunda dos m\u00fasculos do pavimento p\u00e9lvico e restaurar o controlo neuromuscular.<strong><br><\/strong><\/p>\n\n\n\n<div style=\"height:23px\" aria-hidden=\"true\" class=\"wp-block-spacer\"><\/div>\n<\/div>\n\n\n\n<div class=\"wp-block-column is-layout-flow wp-block-column-is-layout-flow\" style=\"flex-basis:15%\"><\/div>\n<\/div>\n\n\n\n<div class=\"wp-block-cover alignfull\" style=\"min-height:517px;aspect-ratio:unset;\"><img loading=\"lazy\" decoding=\"async\" width=\"1024\" height=\"508\" class=\"wp-block-cover__image-background wp-image-663 size-large\" alt=\"\" src=\"https:\/\/www.pelvicarestudio.com\/wp-content\/uploads\/2025\/09\/pelvicare-overview-1024x508.jpg\" style=\"object-position:50% 50%\" data-object-fit=\"cover\" data-object-position=\"50% 50%\" srcset=\"https:\/\/www.pelvicarestudio.com\/wp-content\/uploads\/2025\/09\/pelvicare-overview-1024x508.jpg 1024w, https:\/\/www.pelvicarestudio.com\/wp-content\/uploads\/2025\/09\/pelvicare-overview-300x149.jpg 300w, https:\/\/www.pelvicarestudio.com\/wp-content\/uploads\/2025\/09\/pelvicare-overview-768x381.jpg 768w, https:\/\/www.pelvicarestudio.com\/wp-content\/uploads\/2025\/09\/pelvicare-overview-1536x762.jpg 1536w, https:\/\/www.pelvicarestudio.com\/wp-content\/uploads\/2025\/09\/pelvicare-overview.jpg 1920w\" sizes=\"auto, (max-width: 1024px) 100vw, 1024px\" \/><span aria-hidden=\"true\" class=\"wp-block-cover__background has-nv-text-dark-bg-background-color has-background-dim-60 has-background-dim\"><\/span><div class=\"wp-block-cover__inner-container is-layout-flow wp-block-cover-is-layout-flow\">\n<div style=\"height:55px\" aria-hidden=\"true\" class=\"wp-block-spacer\"><\/div>\n\n\n<div class=\"wp-block-image\">\n<figure class=\"aligncenter size-full is-resized\"><img loading=\"lazy\" decoding=\"async\" width=\"853\" height=\"1445\" src=\"https:\/\/www.pelvicarestudio.com\/wp-content\/uploads\/2025\/10\/pelvicare-woman-in-chair-1.png\" alt=\"\" class=\"wp-image-759\" style=\"width:463px;height:auto\" srcset=\"https:\/\/www.pelvicarestudio.com\/wp-content\/uploads\/2025\/10\/pelvicare-woman-in-chair-1.png 853w, https:\/\/www.pelvicarestudio.com\/wp-content\/uploads\/2025\/10\/pelvicare-woman-in-chair-1-177x300.png 177w, https:\/\/www.pelvicarestudio.com\/wp-content\/uploads\/2025\/10\/pelvicare-woman-in-chair-1-604x1024.png 604w, https:\/\/www.pelvicarestudio.com\/wp-content\/uploads\/2025\/10\/pelvicare-woman-in-chair-1-768x1301.png 768w\" sizes=\"auto, (max-width: 853px) 100vw, 853px\" \/><\/figure>\n<\/div><\/div><\/div>\n\n\n\n<div style=\"height:48px\" aria-hidden=\"true\" class=\"wp-block-spacer\"><\/div>\n\n\n\n<hr class=\"wp-block-separator has-text-color has-nv-light-bg-color has-alpha-channel-opacity has-nv-light-bg-background-color has-background\"\/>\n\n\n\n<div class=\"wp-block-columns is-layout-flex wp-container-core-columns-is-layout-9d6595d7 wp-block-columns-is-layout-flex\">\n<div class=\"wp-block-column is-layout-flow wp-block-column-is-layout-flow\" style=\"flex-basis:15%\"><\/div>\n\n\n\n<div class=\"wp-block-column is-layout-flow wp-block-column-is-layout-flow\" style=\"flex-basis:70%\">\n<div style=\"height:50px\" aria-hidden=\"true\" class=\"wp-block-spacer\"><\/div>\n\n\n\n<h1 class=\"wp-block-heading has-text-align-center has-neve-link-color-color has-text-color has-link-color wp-elements-56fa813d82c2c839cf4dbb54fe3bb106\" style=\"padding-right:var(--wp--preset--spacing--60);padding-left:var(--wp--preset--spacing--60);font-size:28px\">Revolucione a sua sa\u00fade \u00edntima com tecnologia p\u00e9lvica de \u00faltima gera\u00e7\u00e3o HIFEM<\/h1>\n\n\n\n<p class=\"has-text-align-center has-medium-font-size\" style=\"padding-right:var(--wp--preset--spacing--60);padding-left:var(--wp--preset--spacing--60)\">O tratamento com a cadeira Pelvicare \u00e9 <strong>simples, confort\u00e1vel e eficaz<\/strong>.<\/p>\n\n\n\n<p class=\"has-text-align-center has-medium-font-size\" style=\"padding-right:var(--wp--preset--spacing--60);padding-left:var(--wp--preset--spacing--60)\">Cada sess\u00e3o dura <strong>cerca de&nbsp;30 minutos<\/strong>, realizada&nbsp;<strong>uma vez por semana<\/strong>, num total de&nbsp;<strong>6 sess\u00f5es<\/strong>&nbsp;para resultados ideais.<\/p>\n\n\n\n<p class=\"has-text-align-center has-medium-font-size\" style=\"padding-right:var(--wp--preset--spacing--60);padding-left:var(--wp--preset--spacing--60)\">Para manter os benef\u00edcios, recomenda-se&nbsp;manuten\u00e7\u00e3o <strong>duas vezes por ano<\/strong>.<\/p>\n\n\n\n<p class=\"has-text-align-center has-medium-font-size\" style=\"padding-right:var(--wp--preset--spacing--60);padding-left:var(--wp--preset--spacing--60)\"><strong>N\u00e3o \u00e9 necess\u00e1rio despir-se<\/strong> \u2013 basta usar roupa leve e justa, como&nbsp;<em>leggings<\/em>, para garantir conforto durante todo o processo.<\/p>\n\n\n\n<div style=\"height:34px\" aria-hidden=\"true\" class=\"wp-block-spacer\"><\/div>\n<\/div>\n\n\n\n<div class=\"wp-block-column is-layout-flow wp-block-column-is-layout-flow\" style=\"flex-basis:15%\"><\/div>\n<\/div>\n\n\n\n<div class=\"wp-block-columns is-layout-flex wp-container-core-columns-is-layout-9d6595d7 wp-block-columns-is-layout-flex\">\n<div class=\"wp-block-column is-layout-flow wp-block-column-is-layout-flow\"><div class=\"wp-block-image\">\n<figure class=\"aligncenter is-resized\"><img loading=\"lazy\" decoding=\"async\" width=\"111\" height=\"110\" src=\"https:\/\/www.pelvicarestudio.com\/wp-content\/uploads\/2025\/08\/pic_non-invasive.jpg\" alt=\"\" class=\"wp-image-292\" style=\"object-fit:cover;width:100px;height:100px\"\/><\/figure>\n<\/div>\n\n\n<h2 class=\"wp-block-heading has-text-align-center has-neve-link-color-color has-text-color has-link-color has-medium-font-size wp-elements-dbfeffc9de01184f4dd359559c525f67\"><br><strong>N\u00e3o invasivo, seguro e indolor<\/strong><br><br> <br><\/h2>\n<\/div>\n\n\n\n<div class=\"wp-block-column is-layout-flow wp-block-column-is-layout-flow\"><div class=\"wp-block-image\">\n<figure class=\"aligncenter size-full is-resized\"><img loading=\"lazy\" decoding=\"async\" width=\"111\" height=\"110\" src=\"https:\/\/www.pelvicarestudio.com\/wp-content\/uploads\/2025\/08\/pic_no-recovery.jpg\" alt=\"\" class=\"wp-image-293\" style=\"object-fit:cover;width:100px;height:100px\"\/><\/figure>\n<\/div>\n\n\n<h2 class=\"wp-block-heading has-text-align-center has-neve-link-color-color has-text-color has-link-color has-medium-font-size wp-elements-e8ff7d55f290f82c9894da0bf7c385f0\"><br><strong>Efeito imediato, sem per\u00edodo de recupera\u00e7\u00e3o<\/strong><br><br> <br><\/h2>\n<\/div>\n\n\n\n<div class=\"wp-block-column is-layout-flow wp-block-column-is-layout-flow\"><div class=\"wp-block-image\">\n<figure class=\"aligncenter size-full is-resized\"><img loading=\"lazy\" decoding=\"async\" width=\"111\" height=\"111\" src=\"https:\/\/www.pelvicarestudio.com\/wp-content\/uploads\/2025\/08\/pic_cloths.jpg\" alt=\"\" class=\"wp-image-291\" style=\"object-fit:cover;width:100px;height:100px\"\/><\/figure>\n<\/div>\n\n\n<h2 class=\"wp-block-heading has-text-align-center has-neve-link-color-color has-text-color has-link-color has-medium-font-size wp-elements-1fa9f655ea042c5041ed53f66bafdd93\"><br><strong>F\u00e1cil de utilizar, sem necessidade de roupa especial<\/strong><br><br> <br><\/h2>\n<\/div>\n\n\n\n<div class=\"wp-block-column is-layout-flow wp-block-column-is-layout-flow\"><div class=\"wp-block-image\">\n<figure class=\"aligncenter size-full is-resized\"><img loading=\"lazy\" decoding=\"async\" width=\"111\" height=\"110\" src=\"https:\/\/www.pelvicarestudio.com\/wp-content\/uploads\/2025\/08\/pic_woman-man.jpg\" alt=\"\" class=\"wp-image-294\" style=\"object-fit:cover;width:100px;height:100px\"\/><\/figure>\n<\/div>\n\n\n<h2 class=\"wp-block-heading has-text-align-center has-neve-link-color-color has-text-color has-link-color has-medium-font-size wp-elements-5d0900d66e47de07ecb76725c4475692\"><br><strong>Indicado para mulheres ou homens<\/strong><br><\/h2>\n<\/div>\n<\/div>\n\n\n<div class=\"wp-block-image\">\n<figure class=\"aligncenter size-full is-resized\"><img loading=\"lazy\" decoding=\"async\" width=\"1110\" height=\"608\" src=\"https:\/\/www.pelvicarestudio.com\/wp-content\/uploads\/2025\/09\/graph_kegel-vs-chair-1.jpg\" alt=\"\" class=\"wp-image-633\" style=\"width:794px;height:auto\" srcset=\"https:\/\/www.pelvicarestudio.com\/wp-content\/uploads\/2025\/09\/graph_kegel-vs-chair-1.jpg 1110w, https:\/\/www.pelvicarestudio.com\/wp-content\/uploads\/2025\/09\/graph_kegel-vs-chair-1-300x164.jpg 300w, https:\/\/www.pelvicarestudio.com\/wp-content\/uploads\/2025\/09\/graph_kegel-vs-chair-1-1024x561.jpg 1024w, https:\/\/www.pelvicarestudio.com\/wp-content\/uploads\/2025\/09\/graph_kegel-vs-chair-1-768x421.jpg 768w\" sizes=\"auto, (max-width: 1110px) 100vw, 1110px\" \/><\/figure>\n<\/div>\n\n\n<div style=\"height:65px\" aria-hidden=\"true\" class=\"wp-block-spacer\"><\/div>\n\n\n\n<div class=\"wp-block-columns is-layout-flex wp-container-core-columns-is-layout-9d6595d7 wp-block-columns-is-layout-flex\">\n<div class=\"wp-block-column is-layout-flow wp-block-column-is-layout-flow\" style=\"flex-basis:15%\"><\/div>\n\n\n\n<div class=\"wp-block-column is-layout-flow wp-block-column-is-layout-flow\" style=\"flex-basis:70%\">\n<h2 class=\"wp-block-heading has-text-align-center\" style=\"padding-right:var(--wp--preset--spacing--60);padding-left:var(--wp--preset--spacing--60)\">Foco Total no Pavimento P\u00e9lvico!<\/h2>\n\n\n\n<p class=\"has-text-align-center\" style=\"padding-right:var(--wp--preset--spacing--60);padding-left:var(--wp--preset--spacing--60)\"><strong>A efic\u00e1cia do tratamento baseia-se na energia eletromagn\u00e9tica focalizada, que permite uma penetra\u00e7\u00e3o profunda e estimula\u00e7\u00e3o completa da regi\u00e3o p\u00e9lvica.<\/strong><\/p>\n\n\n\n<p class=\"has-text-align-center\" style=\"padding-right:var(--wp--preset--spacing--60);padding-left:var(--wp--preset--spacing--60)\">Cada sess\u00e3o induz milhares de contra\u00e7\u00f5es musculares supram\u00e1ximas, fundamentais para a reeduca\u00e7\u00e3o muscular em casos de incontin\u00eancia urin\u00e1ria, recupera\u00e7\u00e3o p\u00f3s-parto ou falta de libido. Estudos cl\u00ednicos demonstram melhorias significativas na qualidade de vida de pacientes com incontin\u00eancia.<\/p>\n<\/div>\n\n\n\n<div class=\"wp-block-column is-layout-flow wp-block-column-is-layout-flow\" style=\"flex-basis:15%\"><\/div>\n<\/div>\n\n\n\n<div style=\"height:36px\" aria-hidden=\"true\" class=\"wp-block-spacer\"><\/div>\n\n\n\n<div class=\"wp-block-columns is-layout-flex wp-container-core-columns-is-layout-9d6595d7 wp-block-columns-is-layout-flex\">\n<div class=\"wp-block-column is-layout-flow wp-block-column-is-layout-flow\" style=\"flex-basis:15%\"><\/div>\n\n\n\n<div class=\"wp-block-column is-layout-flow wp-block-column-is-layout-flow\" style=\"flex-basis:70%\">\n<hr class=\"wp-block-separator has-alpha-channel-opacity\"\/>\n\n\n\n<h3 class=\"wp-block-heading has-text-align-center has-neve-link-color-color has-text-color has-link-color wp-elements-3ba5dbd907f86ee90a4a0e278693f862\" style=\"padding-right:var(--wp--preset--spacing--60);padding-left:var(--wp--preset--spacing--60)\">Estudos cl\u00ednicos indicam uma taxa de sucesso superior a 90% na melhoria da for\u00e7a muscular do pavimento p\u00e9lvico e na redu\u00e7\u00e3o dos sintomas de incontin\u00eancia ap\u00f3s o protocolo completo de tratamento.<\/h3>\n\n\n\n<hr class=\"wp-block-separator has-alpha-channel-opacity\"\/>\n\n\n\n<div style=\"height:38px\" aria-hidden=\"true\" class=\"wp-block-spacer\"><\/div>\n<\/div>\n\n\n\n<div class=\"wp-block-column is-layout-flow wp-block-column-is-layout-flow\" style=\"flex-basis:15%\"><\/div>\n<\/div>\n\n\n\n<div class=\"wp-block-columns is-layout-flex wp-container-core-columns-is-layout-9d6595d7 wp-block-columns-is-layout-flex\">\n<div class=\"wp-block-column is-layout-flow wp-block-column-is-layout-flow\"><div class=\"wp-block-image\">\n<figure class=\"aligncenter size-full is-resized\"><img loading=\"lazy\" decoding=\"async\" width=\"946\" height=\"1048\" src=\"https:\/\/www.pelvicarestudio.com\/wp-content\/uploads\/2025\/10\/site-graphics_pelvicare-chair_active-1.gif\" alt=\"\" class=\"wp-image-724\" style=\"width:426px;height:auto\"\/><\/figure>\n<\/div><\/div>\n\n\n\n<div class=\"wp-block-column is-layout-flow wp-block-column-is-layout-flow\"><div class=\"wp-block-image\">\n<figure class=\"aligncenter size-full is-resized\"><img loading=\"lazy\" decoding=\"async\" width=\"330\" height=\"332\" src=\"https:\/\/www.pelvicarestudio.com\/wp-content\/uploads\/2025\/08\/95.jpg\" alt=\"\" class=\"wp-image-289\" style=\"width:200px\" srcset=\"https:\/\/www.pelvicarestudio.com\/wp-content\/uploads\/2025\/08\/95.jpg 330w, https:\/\/www.pelvicarestudio.com\/wp-content\/uploads\/2025\/08\/95-298x300.jpg 298w, https:\/\/www.pelvicarestudio.com\/wp-content\/uploads\/2025\/08\/95-150x150.jpg 150w\" sizes=\"auto, (max-width: 330px) 100vw, 330px\" \/><\/figure>\n<\/div>\n\n\n<p class=\"has-text-align-center has-medium-font-size\" style=\"padding-right:var(--wp--preset--spacing--60);padding-left:var(--wp--preset--spacing--60)\"><strong>Dos pacientes com incontin\u00eancia relataram melhorias significativas no dia a dia.<\/strong><\/p>\n\n\n<div class=\"wp-block-image\">\n<figure class=\"aligncenter size-full is-resized\"><img loading=\"lazy\" decoding=\"async\" width=\"330\" height=\"332\" src=\"https:\/\/www.pelvicarestudio.com\/wp-content\/uploads\/2025\/08\/85.jpg\" alt=\"\" class=\"wp-image-288\" style=\"width:200px\" srcset=\"https:\/\/www.pelvicarestudio.com\/wp-content\/uploads\/2025\/08\/85.jpg 330w, https:\/\/www.pelvicarestudio.com\/wp-content\/uploads\/2025\/08\/85-298x300.jpg 298w, https:\/\/www.pelvicarestudio.com\/wp-content\/uploads\/2025\/08\/85-150x150.jpg 150w\" sizes=\"auto, (max-width: 330px) 100vw, 330px\" \/><\/figure>\n<\/div>\n\n\n<p class=\"has-text-align-center has-medium-font-size\"><strong>Melhoria geral na satisfa\u00e7\u00e3o \u00edntima.<\/strong><\/p>\n<\/div>\n<\/div>\n\n\n\n<div style=\"height:121px\" aria-hidden=\"true\" class=\"wp-block-spacer\"><\/div>\n","protected":false},"excerpt":{"rendered":"<p>Como funciona A cadeira Pelvicare utiliza tecnologia HIFEM (High-Intensity Focused Electromagnetic) para promover uma estimula\u00e7\u00e3o profunda dos m\u00fasculos do pavimento p\u00e9lvico e restaurar o controlo neuromuscular. Revolucione a sua sa\u00fade \u00edntima com tecnologia p\u00e9lvica de \u00faltima gera\u00e7\u00e3o HIFEM O tratamento com a cadeira Pelvicare \u00e9 simples, confort\u00e1vel e eficaz. Cada sess\u00e3o dura cerca de&nbsp;30 minutos,&hellip;&nbsp;<a href=\"https:\/\/www.pelvicarestudio.com\/index.php\/como-funciona\/\" rel=\"bookmark\"><span class=\"screen-reader-text\">Como funciona<\/span><\/a><\/p>\n","protected":false},"author":1,"featured_media":0,"parent":0,"menu_order":0,"comment_status":"closed","ping_status":"closed","template":"","meta":{"neve_meta_sidebar":"","neve_meta_container":"","neve_meta_enable_content_width":"on","neve_meta_content_width":100,"neve_meta_title_alignment":"","neve_meta_author_avatar":"","neve_post_elements_order":"","neve_meta_disable_header":"","neve_meta_disable_footer":"","neve_meta_disable_title":"on","footnotes":""},"class_list":["post-210","page","type-page","status-publish","hentry"],"yoast_head":"<!-- This site is optimized with the Yoast SEO plugin v25.6 - https:\/\/yoast.com\/wordpress\/plugins\/seo\/ -->\n<title>Como funciona - Pelvicare Studio<\/title>\n<meta name=\"robots\" content=\"index, follow, max-snippet:-1, max-image-preview:large, max-video-preview:-1\" \/>\n<link rel=\"canonical\" href=\"https:\/\/www.pelvicarestudio.com\/index.php\/como-funciona\/\" \/>\n<meta property=\"og:locale\" content=\"pt_PT\" \/>\n<meta property=\"og:type\" content=\"article\" \/>\n<meta property=\"og:title\" content=\"Como funciona - Pelvicare Studio\" \/>\n<meta property=\"og:description\" content=\"Como funciona A cadeira Pelvicare utiliza tecnologia HIFEM (High-Intensity Focused Electromagnetic) para promover uma estimula\u00e7\u00e3o profunda dos m\u00fasculos do pavimento p\u00e9lvico e restaurar o controlo neuromuscular. Revolucione a sua sa\u00fade \u00edntima com tecnologia p\u00e9lvica de \u00faltima gera\u00e7\u00e3o HIFEM O tratamento com a cadeira Pelvicare \u00e9 simples, confort\u00e1vel e eficaz. Cada sess\u00e3o dura cerca de&nbsp;30 minutos,&hellip;&nbsp;Como funciona\" \/>\n<meta property=\"og:url\" content=\"https:\/\/www.pelvicarestudio.com\/index.php\/como-funciona\/\" \/>\n<meta property=\"og:site_name\" content=\"Pelvicare Studio\" \/>\n<meta property=\"article:modified_time\" content=\"2025-10-12T12:05:03+00:00\" \/>\n<meta property=\"og:image\" content=\"https:\/\/www.pelvicarestudio.com\/wp-content\/uploads\/2025\/09\/pelvicare-overview.jpg\" \/>\n\t<meta property=\"og:image:width\" content=\"1920\" \/>\n\t<meta property=\"og:image:height\" content=\"953\" \/>\n\t<meta property=\"og:image:type\" content=\"image\/jpeg\" \/>\n<meta name=\"twitter:card\" content=\"summary_large_image\" \/>\n<meta name=\"twitter:label1\" content=\"Tempo estimado de leitura\" \/>\n\t<meta name=\"twitter:data1\" content=\"4 minutos\" \/>\n<script type=\"application\/ld+json\" class=\"yoast-schema-graph\">{\"@context\":\"https:\/\/schema.org\",\"@graph\":[{\"@type\":\"WebPage\",\"@id\":\"https:\/\/www.pelvicarestudio.com\/index.php\/como-funciona\/\",\"url\":\"https:\/\/www.pelvicarestudio.com\/index.php\/como-funciona\/\",\"name\":\"Como funciona - Pelvicare Studio\",\"isPartOf\":{\"@id\":\"https:\/\/www.pelvicarestudio.com\/#website\"},\"primaryImageOfPage\":{\"@id\":\"https:\/\/www.pelvicarestudio.com\/index.php\/como-funciona\/#primaryimage\"},\"image\":{\"@id\":\"https:\/\/www.pelvicarestudio.com\/index.php\/como-funciona\/#primaryimage\"},\"thumbnailUrl\":\"https:\/\/www.pelvicarestudio.com\/wp-content\/uploads\/2025\/09\/pelvicare-overview-1024x508.jpg\",\"datePublished\":\"2025-08-16T13:09:33+00:00\",\"dateModified\":\"2025-10-12T12:05:03+00:00\",\"breadcrumb\":{\"@id\":\"https:\/\/www.pelvicarestudio.com\/index.php\/como-funciona\/#breadcrumb\"},\"inLanguage\":\"pt-PT\",\"potentialAction\":[{\"@type\":\"ReadAction\",\"target\":[\"https:\/\/www.pelvicarestudio.com\/index.php\/como-funciona\/\"]}]},{\"@type\":\"ImageObject\",\"inLanguage\":\"pt-PT\",\"@id\":\"https:\/\/www.pelvicarestudio.com\/index.php\/como-funciona\/#primaryimage\",\"url\":\"https:\/\/www.pelvicarestudio.com\/wp-content\/uploads\/2025\/09\/pelvicare-overview.jpg\",\"contentUrl\":\"https:\/\/www.pelvicarestudio.com\/wp-content\/uploads\/2025\/09\/pelvicare-overview.jpg\",\"width\":1920,\"height\":953},{\"@type\":\"BreadcrumbList\",\"@id\":\"https:\/\/www.pelvicarestudio.com\/index.php\/como-funciona\/#breadcrumb\",\"itemListElement\":[{\"@type\":\"ListItem\",\"position\":1,\"name\":\"In\u00edcio\",\"item\":\"https:\/\/www.pelvicarestudio.com\/\"},{\"@type\":\"ListItem\",\"position\":2,\"name\":\"Como funciona\"}]},{\"@type\":\"WebSite\",\"@id\":\"https:\/\/www.pelvicarestudio.com\/#website\",\"url\":\"https:\/\/www.pelvicarestudio.com\/\",\"name\":\"Pelvicare Studio\",\"description\":\"\",\"potentialAction\":[{\"@type\":\"SearchAction\",\"target\":{\"@type\":\"EntryPoint\",\"urlTemplate\":\"https:\/\/www.pelvicarestudio.com\/?s={search_term_string}\"},\"query-input\":{\"@type\":\"PropertyValueSpecification\",\"valueRequired\":true,\"valueName\":\"search_term_string\"}}],\"inLanguage\":\"pt-PT\"}]}<\/script>\n<!-- \/ Yoast SEO plugin. -->","yoast_head_json":{"title":"Como funciona - Pelvicare Studio","robots":{"index":"index","follow":"follow","max-snippet":"max-snippet:-1","max-image-preview":"max-image-preview:large","max-video-preview":"max-video-preview:-1"},"canonical":"https:\/\/www.pelvicarestudio.com\/index.php\/como-funciona\/","og_locale":"pt_PT","og_type":"article","og_title":"Como funciona - Pelvicare Studio","og_description":"Como funciona A cadeira Pelvicare utiliza tecnologia HIFEM (High-Intensity Focused Electromagnetic) para promover uma estimula\u00e7\u00e3o profunda dos m\u00fasculos do pavimento p\u00e9lvico e restaurar o controlo neuromuscular. Revolucione a sua sa\u00fade \u00edntima com tecnologia p\u00e9lvica de \u00faltima gera\u00e7\u00e3o HIFEM O tratamento com a cadeira Pelvicare \u00e9 simples, confort\u00e1vel e eficaz. Cada sess\u00e3o dura cerca de&nbsp;30 minutos,&hellip;&nbsp;Como funciona","og_url":"https:\/\/www.pelvicarestudio.com\/index.php\/como-funciona\/","og_site_name":"Pelvicare Studio","article_modified_time":"2025-10-12T12:05:03+00:00","og_image":[{"width":1920,"height":953,"url":"https:\/\/www.pelvicarestudio.com\/wp-content\/uploads\/2025\/09\/pelvicare-overview.jpg","type":"image\/jpeg"}],"twitter_card":"summary_large_image","twitter_misc":{"Tempo estimado de leitura":"4 minutos"},"schema":{"@context":"https:\/\/schema.org","@graph":[{"@type":"WebPage","@id":"https:\/\/www.pelvicarestudio.com\/index.php\/como-funciona\/","url":"https:\/\/www.pelvicarestudio.com\/index.php\/como-funciona\/","name":"Como funciona - Pelvicare Studio","isPartOf":{"@id":"https:\/\/www.pelvicarestudio.com\/#website"},"primaryImageOfPage":{"@id":"https:\/\/www.pelvicarestudio.com\/index.php\/como-funciona\/#primaryimage"},"image":{"@id":"https:\/\/www.pelvicarestudio.com\/index.php\/como-funciona\/#primaryimage"},"thumbnailUrl":"https:\/\/www.pelvicarestudio.com\/wp-content\/uploads\/2025\/09\/pelvicare-overview-1024x508.jpg","datePublished":"2025-08-16T13:09:33+00:00","dateModified":"2025-10-12T12:05:03+00:00","breadcrumb":{"@id":"https:\/\/www.pelvicarestudio.com\/index.php\/como-funciona\/#breadcrumb"},"inLanguage":"pt-PT","potentialAction":[{"@type":"ReadAction","target":["https:\/\/www.pelvicarestudio.com\/index.php\/como-funciona\/"]}]},{"@type":"ImageObject","inLanguage":"pt-PT","@id":"https:\/\/www.pelvicarestudio.com\/index.php\/como-funciona\/#primaryimage","url":"https:\/\/www.pelvicarestudio.com\/wp-content\/uploads\/2025\/09\/pelvicare-overview.jpg","contentUrl":"https:\/\/www.pelvicarestudio.com\/wp-content\/uploads\/2025\/09\/pelvicare-overview.jpg","width":1920,"height":953},{"@type":"BreadcrumbList","@id":"https:\/\/www.pelvicarestudio.com\/index.php\/como-funciona\/#breadcrumb","itemListElement":[{"@type":"ListItem","position":1,"name":"In\u00edcio","item":"https:\/\/www.pelvicarestudio.com\/"},{"@type":"ListItem","position":2,"name":"Como funciona"}]},{"@type":"WebSite","@id":"https:\/\/www.pelvicarestudio.com\/#website","url":"https:\/\/www.pelvicarestudio.com\/","name":"Pelvicare Studio","description":"","potentialAction":[{"@type":"SearchAction","target":{"@type":"EntryPoint","urlTemplate":"https:\/\/www.pelvicarestudio.com\/?s={search_term_string}"},"query-input":{"@type":"PropertyValueSpecification","valueRequired":true,"valueName":"search_term_string"}}],"inLanguage":"pt-PT"}]}},"_links":{"self":[{"href":"https:\/\/www.pelvicarestudio.com\/index.php\/wp-json\/wp\/v2\/pages\/210","targetHints":{"allow":["GET"]}}],"collection":[{"href":"https:\/\/www.pelvicarestudio.com\/index.php\/wp-json\/wp\/v2\/pages"}],"about":[{"href":"https:\/\/www.pelvicarestudio.com\/index.php\/wp-json\/wp\/v2\/types\/page"}],"author":[{"embeddable":true,"href":"https:\/\/www.pelvicarestudio.com\/index.php\/wp-json\/wp\/v2\/users\/1"}],"replies":[{"embeddable":true,"href":"https:\/\/www.pelvicarestudio.com\/index.php\/wp-json\/wp\/v2\/comments?post=210"}],"version-history":[{"count":113,"href":"https:\/\/www.pelvicarestudio.com\/index.php\/wp-json\/wp\/v2\/pages\/210\/revisions"}],"predecessor-version":[{"id":765,"href":"https:\/\/www.pelvicarestudio.com\/index.php\/wp-json\/wp\/v2\/pages\/210\/revisions\/765"}],"wp:attachment":[{"href":"https:\/\/www.pelvicarestudio.com\/index.php\/wp-json\/wp\/v2\/media?parent=210"}],"curies":[{"name":"wp","href":"https:\/\/api.w.org\/{rel}","templated":true}]}}