{"id":202,"date":"2025-08-16T13:05:04","date_gmt":"2025-08-16T13:05:04","guid":{"rendered":"https:\/\/www.pelvicarestudio.com\/?page_id=202"},"modified":"2025-10-12T13:57:41","modified_gmt":"2025-10-12T13:57:41","slug":"a-quem-se-destina","status":"publish","type":"page","link":"https:\/\/www.pelvicarestudio.com\/index.php\/a-quem-se-destina\/","title":{"rendered":"A quem se destina"},"content":{"rendered":"\n<div style=\"height:100px\" aria-hidden=\"true\" class=\"wp-block-spacer\"><\/div>\n\n\n\n<h2 class=\"wp-block-heading has-text-align-center\">A quem se destina<\/h2>\n\n\n\n<div class=\"wp-block-columns alignfull is-layout-flex wp-container-core-columns-is-layout-9d6595d7 wp-block-columns-is-layout-flex\">\n<div class=\"wp-block-column is-layout-flow wp-block-column-is-layout-flow\" style=\"flex-basis:15%\"><\/div>\n\n\n\n<div class=\"wp-block-column is-layout-flow wp-block-column-is-layout-flow\" style=\"flex-basis:70%\">\n<p class=\"has-text-align-center\">Os tratamentos com tecnologia <strong>HIFEM <\/strong>s\u00e3o indicados para homens e mulheres em todas as fases da vida, incluindo quem procura melhorar a qualidade de vida, recuperar ap\u00f3s cirurgias ou otimizar a performance f\u00edsica. Esta solu\u00e7\u00e3o <strong>n\u00e3o invasiva \u00e9 altamente eficaz no fortalecimento do pavimento p\u00e9lvico<\/strong>, na preven\u00e7\u00e3o e tratamento da incontin\u00eancia urin\u00e1ria, na melhoria da fun\u00e7\u00e3o sexual e recupera\u00e7\u00e3o p\u00f3s-parto ou p\u00f3s-cir\u00fargica.<strong><br><\/strong><\/p>\n\n\n\n<h3 class=\"wp-block-heading has-text-align-center has-neve-link-color-color has-text-color has-link-color wp-elements-69af0f6ecc188b75462a9b6a445d45c6\"><strong>Porque a sa\u00fade \u00edntima \u00e9 para todos!<\/strong><\/h3>\n\n\n\n<div style=\"height:23px\" aria-hidden=\"true\" class=\"wp-block-spacer\"><\/div>\n<\/div>\n\n\n\n<div class=\"wp-block-column is-layout-flow wp-block-column-is-layout-flow\" style=\"flex-basis:15%\"><\/div>\n<\/div>\n\n\n\n<div class=\"wp-block-columns is-layout-flex wp-container-core-columns-is-layout-9d6595d7 wp-block-columns-is-layout-flex\">\n<div class=\"wp-block-column is-layout-flow wp-block-column-is-layout-flow\" style=\"flex-basis:100%\">\n<div class=\"wp-block-columns alignfull is-layout-flex wp-container-core-columns-is-layout-9d6595d7 wp-block-columns-is-layout-flex\">\n<div class=\"wp-block-column is-layout-flow wp-block-column-is-layout-flow\" style=\"flex-basis:100%\">\n<div style=\"height:72px\" aria-hidden=\"true\" class=\"wp-block-spacer\"><\/div>\n\n\n\n<div class=\"wp-block-columns is-layout-flex wp-container-core-columns-is-layout-9d6595d7 wp-block-columns-is-layout-flex\">\n<div class=\"wp-block-column is-layout-flow wp-block-column-is-layout-flow\" style=\"flex-basis:15%\"><\/div>\n\n\n\n<div class=\"wp-block-column is-vertically-aligned-top is-layout-flow wp-block-column-is-layout-flow\" style=\"flex-basis:70%\">\n<div class=\"wp-block-media-text is-stacked-on-mobile is-vertically-aligned-top\" style=\"border-style:none;border-width:0px\"><figure class=\"wp-block-media-text__media\"><img loading=\"lazy\" decoding=\"async\" width=\"410\" height=\"410\" src=\"https:\/\/www.pelvicarestudio.com\/wp-content\/uploads\/2025\/09\/patient-01.jpg\" alt=\"\" class=\"wp-image-560 size-full\" srcset=\"https:\/\/www.pelvicarestudio.com\/wp-content\/uploads\/2025\/09\/patient-01.jpg 410w, https:\/\/www.pelvicarestudio.com\/wp-content\/uploads\/2025\/09\/patient-01-300x300.jpg 300w, https:\/\/www.pelvicarestudio.com\/wp-content\/uploads\/2025\/09\/patient-01-150x150.jpg 150w\" sizes=\"auto, (max-width: 410px) 100vw, 410px\" \/><\/figure><div class=\"wp-block-media-text__content\">\n<h2 class=\"wp-block-heading\" id=\"Mulheres\">Mulheres<\/h2>\n\n\n\n<p><strong>A nossa tecnologia HIFEM oferece solu\u00e7\u00f5es eficazes e n\u00e3o invasivas para fortalecer a musculatura p\u00e9lvica feminina. <\/strong><\/p>\n\n\n\n<p><strong>Performance e Preven\u00e7\u00e3o<\/strong><br>Fortalecer o pavimento p\u00e9lvico n\u00e3o \u00e9 apenas para quem tem sintomas \u2014 \u00e9 tamb\u00e9m uma estrat\u00e9gia essencial para prevenir problemas futuros e melhorar a qualidade da vida sexual. A tecnologia HIFEM promove est\u00e9tica \u00edntima, aumento da sensibilidade e melhoria da libido, garantindo mais confian\u00e7a e bem-estar.<\/p>\n\n\n\n<p><strong>Menoupausa e Perimenopousa<\/strong><br>Uma das grandes altera\u00e7\u00f5es hormonais da Menopausa e da perimenopausa com a baixa de estr\u00f3geno&nbsp; \u00e9 o relaxamento do pavimento p\u00e9lvico, originando pequenas perdas urin\u00e1rias, sensa\u00e7\u00e3o de peso p\u00e9lvico e diminui\u00e7\u00e3o da libido. O tratamento com HIFEM ajuda a restaurar a tonicidade muscular, melhorar o suporte dos \u00f3rg\u00e3os p\u00e9lvicos e contribuir para uma vida \u00edntima mais saud\u00e1vel e satisfat\u00f3ria.<\/p>\n\n\n\n<p><strong>Dor P\u00e9lvica Cr\u00f3nica e Incontin\u00eancia de Urg\u00eancia<\/strong><br>A dor p\u00e9lvica cr\u00f3nica pode estar associada a tens\u00e3o muscular, altera\u00e7\u00f5es neuromusculares e disfun\u00e7\u00f5es do pavimento p\u00e9lvico, muitas vezes acompanhadas por epis\u00f3dios de incontin\u00eancia de urg\u00eancia. Esta condi\u00e7\u00e3o caracteriza-se por uma vontade s\u00fabita e intensa de urinar, frequentemente dif\u00edcil de controlar, levando a perdas involunt\u00e1rias e impacto significativo na qualidade de vida. O tratamento com tecnologia HIFEM promove relaxamento e reeduca\u00e7\u00e3o muscular profunda, ajudando a reduzir a dor, melhorar o controlo urin\u00e1rio e restaurar a fun\u00e7\u00e3o muscular. Este processo contribui para recuperar a mobilidade, aliviar o desconforto e devolver qualidade e bem-estar geral.<\/p>\n<\/div><\/div>\n<\/div>\n\n\n\n<div class=\"wp-block-column is-layout-flow wp-block-column-is-layout-flow\" style=\"flex-basis:15%\"><\/div>\n<\/div>\n\n\n\n<hr class=\"wp-block-separator alignwide has-text-color has-nv-light-bg-color has-alpha-channel-opacity has-nv-light-bg-background-color has-background\"\/>\n\n\n\n<div style=\"height:40px\" aria-hidden=\"true\" class=\"wp-block-spacer\"><\/div>\n\n\n\n<div class=\"wp-block-columns is-layout-flex wp-container-core-columns-is-layout-9d6595d7 wp-block-columns-is-layout-flex\">\n<div class=\"wp-block-column is-layout-flow wp-block-column-is-layout-flow\" style=\"flex-basis:15%\"><\/div>\n\n\n\n<div class=\"wp-block-column is-vertically-aligned-top is-layout-flow wp-block-column-is-layout-flow\" style=\"flex-basis:70%\">\n<div class=\"wp-block-media-text is-stacked-on-mobile is-vertically-aligned-top\"><figure class=\"wp-block-media-text__media\"><img loading=\"lazy\" decoding=\"async\" width=\"410\" height=\"410\" src=\"https:\/\/www.pelvicarestudio.com\/wp-content\/uploads\/2025\/08\/patient-02.jpg\" alt=\"\" class=\"wp-image-154 size-full\" srcset=\"https:\/\/www.pelvicarestudio.com\/wp-content\/uploads\/2025\/08\/patient-02.jpg 410w, https:\/\/www.pelvicarestudio.com\/wp-content\/uploads\/2025\/08\/patient-02-300x300.jpg 300w, https:\/\/www.pelvicarestudio.com\/wp-content\/uploads\/2025\/08\/patient-02-150x150.jpg 150w\" sizes=\"auto, (max-width: 410px) 100vw, 410px\" \/><\/figure><div class=\"wp-block-media-text__content\">\n<h2 class=\"wp-block-heading\" id=\"Pos-parto\">P\u00f3s-parto<\/h2>\n\n\n\n<p><strong>Ap\u00f3s a gravidez, \u00e9 comum ocorrer enfraquecimento do pavimento p\u00e9lvico, levando a pequenas perdas urin\u00e1rias e sensa\u00e7\u00e3o de falta de firmeza. <\/strong><\/p>\n\n\n\n<p>O tratamento com HIFEM ajuda a fechar e tonificar os m\u00fasculos, restaurando a forma inicial da mulher e prevenindo epis\u00f3dios de incontin\u00eancia de urg\u00eancia. Al\u00e9m disso, contribui para melhorar a postura, reduzir a sensa\u00e7\u00e3o de peso p\u00e9lvico e acelerar a recupera\u00e7\u00e3o funcional, devolvendo confian\u00e7a e bem-estar \u00e0 mulher no per\u00edodo p\u00f3s-parto.<\/p>\n<\/div><\/div>\n<\/div>\n\n\n\n<div class=\"wp-block-column is-layout-flow wp-block-column-is-layout-flow\" style=\"flex-basis:15%\"><\/div>\n<\/div>\n\n\n\n<div style=\"height:20px\" aria-hidden=\"true\" class=\"wp-block-spacer\"><\/div>\n\n\n\n<hr class=\"wp-block-separator alignwide has-text-color has-nv-light-bg-color has-alpha-channel-opacity has-nv-light-bg-background-color has-background\"\/>\n\n\n\n<div style=\"height:40px\" aria-hidden=\"true\" class=\"wp-block-spacer\"><\/div>\n\n\n\n<div class=\"wp-block-columns is-layout-flex wp-container-core-columns-is-layout-9d6595d7 wp-block-columns-is-layout-flex\">\n<div class=\"wp-block-column is-layout-flow wp-block-column-is-layout-flow\" style=\"flex-basis:15%\"><\/div>\n\n\n\n<div class=\"wp-block-column is-vertically-aligned-top is-layout-flow wp-block-column-is-layout-flow\" style=\"flex-basis:70%\">\n<div class=\"wp-block-media-text is-stacked-on-mobile is-vertically-aligned-top\"><figure class=\"wp-block-media-text__media\"><img loading=\"lazy\" decoding=\"async\" width=\"410\" height=\"410\" src=\"https:\/\/www.pelvicarestudio.com\/wp-content\/uploads\/2025\/09\/patient-03-2.jpg\" alt=\"\" class=\"wp-image-701 size-full\" srcset=\"https:\/\/www.pelvicarestudio.com\/wp-content\/uploads\/2025\/09\/patient-03-2.jpg 410w, https:\/\/www.pelvicarestudio.com\/wp-content\/uploads\/2025\/09\/patient-03-2-300x300.jpg 300w, https:\/\/www.pelvicarestudio.com\/wp-content\/uploads\/2025\/09\/patient-03-2-150x150.jpg 150w\" sizes=\"auto, (max-width: 410px) 100vw, 410px\" \/><\/figure><div class=\"wp-block-media-text__content\">\n<h2 class=\"wp-block-heading\" id=\"Homens\">Homens<\/h2>\n\n\n\n<p><strong>A tecnologia HIFEM \u00e9 uma solu\u00e7\u00e3o eficaz e n\u00e3o invasiva para fortalecer a musculatura p\u00e9lvica masculina, melhorar a fun\u00e7\u00e3o sexual e prevenir complica\u00e7\u00f5es associadas ao envelhecimento ou a cirurgias. <\/strong><\/p>\n\n\n\n<p>Indicada para casos de disfun\u00e7\u00e3o er\u00e9til, incontin\u00eancia urin\u00e1ria e enfraquecimento muscular, este tratamento promove confian\u00e7a, controlo e qualidade de vida.<\/p>\n\n\n\n<p><strong>Pr\u00e9 e P\u00f3s-Operat\u00f3rio da Pr\u00f3stata<br><\/strong>Cirurgias \u00e0 pr\u00f3stata podem causar disfun\u00e7\u00e3o er\u00e9til e perdas urin\u00e1rias devido ao enfraquecimento muscular e altera\u00e7\u00f5es neuromusculares. A tecnologia HIFEM ajuda a reativar os m\u00fasculos p\u00e9lvicos, melhorar a irriga\u00e7\u00e3o sangu\u00ednea e restaurar o controlo, acelerando a recupera\u00e7\u00e3o funcional.<\/p>\n\n\n\n<p><strong>Disfun\u00e7\u00e3o Er\u00e9til e Ativa\u00e7\u00e3o Neuromuscular<\/strong><br>A falta de irriga\u00e7\u00e3o e a perda de t\u00f3nus muscular s\u00e3o fatores que contribuem para a disfun\u00e7\u00e3o er\u00e9til. O tratamento com HIFEM promove contra\u00e7\u00f5es supram\u00e1ximas, refor\u00e7ando a musculatura e estimulando a ativa\u00e7\u00e3o neuromuscular, o que melhora a fun\u00e7\u00e3o sexual e a confian\u00e7a.<\/p>\n\n\n\n<p><strong>Incontin\u00eancia Urin\u00e1ria Cr\u00f3nica e Enfraquecimento Muscular<\/strong><br>O enfraquecimento do pavimento p\u00e9lvico pode levar a perdas urin\u00e1rias persistentes e impacto na qualidade de vida. A tecnologia HIFEM atua na reeduca\u00e7\u00e3o muscular profunda, devolvendo for\u00e7a, resist\u00eancia e controlo, sem dor e sem procedimentos invasivos.<\/p>\n<\/div><\/div>\n<\/div>\n\n\n\n<div class=\"wp-block-column is-layout-flow wp-block-column-is-layout-flow\" style=\"flex-basis:15%\"><\/div>\n<\/div>\n\n\n\n<hr class=\"wp-block-separator alignwide has-text-color has-nv-light-bg-color has-alpha-channel-opacity has-nv-light-bg-background-color has-background\"\/>\n\n\n\n<div style=\"height:40px\" aria-hidden=\"true\" class=\"wp-block-spacer\"><\/div>\n\n\n\n<div class=\"wp-block-columns is-layout-flex wp-container-core-columns-is-layout-9d6595d7 wp-block-columns-is-layout-flex\">\n<div class=\"wp-block-column is-layout-flow wp-block-column-is-layout-flow\" style=\"flex-basis:15%\"><\/div>\n\n\n\n<div class=\"wp-block-column is-vertically-aligned-top is-layout-flow wp-block-column-is-layout-flow\" style=\"flex-basis:70%\">\n<div class=\"wp-block-media-text is-stacked-on-mobile is-vertically-aligned-top\"><figure class=\"wp-block-media-text__media\"><img loading=\"lazy\" decoding=\"async\" width=\"410\" height=\"410\" src=\"https:\/\/www.pelvicarestudio.com\/wp-content\/uploads\/2025\/08\/patient-04.jpg\" alt=\"\" class=\"wp-image-156 size-full\" srcset=\"https:\/\/www.pelvicarestudio.com\/wp-content\/uploads\/2025\/08\/patient-04.jpg 410w, https:\/\/www.pelvicarestudio.com\/wp-content\/uploads\/2025\/08\/patient-04-300x300.jpg 300w, https:\/\/www.pelvicarestudio.com\/wp-content\/uploads\/2025\/08\/patient-04-150x150.jpg 150w\" sizes=\"auto, (max-width: 410px) 100vw, 410px\" \/><\/figure><div class=\"wp-block-media-text__content\">\n<h2 class=\"wp-block-heading\" id=\"Atletas\">Atletas e Desportistas<\/h2>\n\n\n\n<p><strong>A pr\u00e1tica de desportos de impacto, como corrida, crossfit ou treino de alta intensidade, pode sobrecarregar o pavimento p\u00e9lvico, aumentando o risco de disfun\u00e7\u00f5es e les\u00f5es. <\/strong><\/p>\n\n\n\n<p>A tecnologia HIFEM oferece um treino muscular profundo, fortalecendo os m\u00fasculos do core e do pavimento p\u00e9lvico, melhorando o controlo corporal e prevenindo problemas futuros. Al\u00e9m disso, este tratamento contribui para acelerar a recupera\u00e7\u00e3o muscular, otimizar a performance e manter a estabilidade p\u00e9lvica, essencial para atletas que procuram for\u00e7a, resist\u00eancia e equil\u00edbrio sem comprometer a sa\u00fade \u00edntima.<\/p>\n<\/div><\/div>\n<\/div>\n\n\n\n<div class=\"wp-block-column is-layout-flow wp-block-column-is-layout-flow\" style=\"flex-basis:15%\"><\/div>\n<\/div>\n<\/div>\n<\/div>\n<\/div>\n<\/div>\n\n\n\n<div class=\"wp-block-cover alignfull has-x-large-font-size\" style=\"min-height:237px;aspect-ratio:unset;\"><img loading=\"lazy\" decoding=\"async\" width=\"1024\" height=\"576\" class=\"wp-block-cover__image-background wp-image-16 size-large\" alt=\"\" src=\"https:\/\/www.pelvicarestudio.com\/wp-content\/uploads\/2025\/07\/bg-waiting-room-1024x576.jpg\" style=\"object-position:47% 39%\" data-object-fit=\"cover\" data-object-position=\"47% 39%\" srcset=\"https:\/\/www.pelvicarestudio.com\/wp-content\/uploads\/2025\/07\/bg-waiting-room-1024x576.jpg 1024w, https:\/\/www.pelvicarestudio.com\/wp-content\/uploads\/2025\/07\/bg-waiting-room-300x169.jpg 300w, https:\/\/www.pelvicarestudio.com\/wp-content\/uploads\/2025\/07\/bg-waiting-room-768x432.jpg 768w, https:\/\/www.pelvicarestudio.com\/wp-content\/uploads\/2025\/07\/bg-waiting-room-1536x864.jpg 1536w, https:\/\/www.pelvicarestudio.com\/wp-content\/uploads\/2025\/07\/bg-waiting-room.jpg 1920w\" sizes=\"auto, (max-width: 1024px) 100vw, 1024px\" \/><span aria-hidden=\"true\" class=\"wp-block-cover__background has-neve-link-color-background-color has-background-dim-30 has-background-dim\"><\/span><div class=\"wp-block-cover__inner-container is-layout-flow wp-block-cover-is-layout-flow\">\n<div style=\"height:58px\" aria-hidden=\"true\" class=\"wp-block-spacer\"><\/div>\n\n\n\n<h2 class=\"wp-block-heading has-text-align-center has-nv-site-bg-color has-text-color has-link-color wp-elements-c65f236e8cd46d197b160e26fe3355cd\">1.\u00aa Consulta de Avalia\u00e7\u00e3o Gratuita<\/h2>\n\n\n\n<p class=\"has-text-align-center has-medium-font-size\" style=\"border-style:none;border-width:0px;padding-right:var(--wp--preset--spacing--80);padding-left:var(--wp--preset--spacing--80)\">N\u00e3o deixe passar esta oportunidade de melhorar o seu dia-a-dia, v\u00e1lida em todos os nossos parceiros. Contacte os nossos parceiros para agendar ainda hoje uma consulta de avalia\u00e7\u00e3o gratuita e obter um plano de tratamentos adequado \u00e0 sua condi\u00e7\u00e3o.<\/p>\n\n\n\n<div class=\"wp-block-buttons is-content-justification-center is-layout-flex wp-container-core-buttons-is-layout-16018d1d wp-block-buttons-is-layout-flex\">\n<div class=\"wp-block-button\"><a class=\"wp-block-button__link wp-element-button\" href=\"https:\/\/www.pelvicarestudio.com\/index.php\/contact\/\">AGENDAR AGORA!<\/a><\/div>\n<\/div>\n\n\n\n<div style=\"height:58px\" aria-hidden=\"true\" class=\"wp-block-spacer\"><\/div>\n<\/div><\/div>\n\n\n\n<div style=\"height:100px\" aria-hidden=\"true\" class=\"wp-block-spacer\"><\/div>\n","protected":false},"excerpt":{"rendered":"<p>A quem se destina Os tratamentos com tecnologia HIFEM s\u00e3o indicados para homens e mulheres em todas as fases da vida, incluindo quem procura melhorar a qualidade de vida, recuperar ap\u00f3s cirurgias ou otimizar a performance f\u00edsica. Esta solu\u00e7\u00e3o n\u00e3o invasiva \u00e9 altamente eficaz no fortalecimento do pavimento p\u00e9lvico, na preven\u00e7\u00e3o e tratamento da incontin\u00eancia&hellip;&nbsp;<a href=\"https:\/\/www.pelvicarestudio.com\/index.php\/a-quem-se-destina\/\" rel=\"bookmark\"><span class=\"screen-reader-text\">A quem se destina<\/span><\/a><\/p>\n","protected":false},"author":1,"featured_media":0,"parent":0,"menu_order":0,"comment_status":"closed","ping_status":"closed","template":"","meta":{"neve_meta_sidebar":"","neve_meta_container":"","neve_meta_enable_content_width":"on","neve_meta_content_width":100,"neve_meta_title_alignment":"","neve_meta_author_avatar":"","neve_post_elements_order":"","neve_meta_disable_header":"","neve_meta_disable_footer":"","neve_meta_disable_title":"on","footnotes":""},"class_list":["post-202","page","type-page","status-publish","hentry"],"yoast_head":"<!-- This site is optimized with the Yoast SEO plugin v25.6 - https:\/\/yoast.com\/wordpress\/plugins\/seo\/ -->\n<title>A quem se destina - Pelvicare Studio<\/title>\n<meta name=\"robots\" content=\"index, follow, max-snippet:-1, max-image-preview:large, max-video-preview:-1\" \/>\n<link rel=\"canonical\" href=\"https:\/\/www.pelvicarestudio.com\/index.php\/a-quem-se-destina\/\" \/>\n<meta property=\"og:locale\" content=\"pt_PT\" \/>\n<meta property=\"og:type\" content=\"article\" \/>\n<meta property=\"og:title\" content=\"A quem se destina - Pelvicare Studio\" \/>\n<meta property=\"og:description\" content=\"A quem se destina Os tratamentos com tecnologia HIFEM s\u00e3o indicados para homens e mulheres em todas as fases da vida, incluindo quem procura melhorar a qualidade de vida, recuperar ap\u00f3s cirurgias ou otimizar a performance f\u00edsica. Esta solu\u00e7\u00e3o n\u00e3o invasiva \u00e9 altamente eficaz no fortalecimento do pavimento p\u00e9lvico, na preven\u00e7\u00e3o e tratamento da incontin\u00eancia&hellip;&nbsp;A quem se destina\" \/>\n<meta property=\"og:url\" content=\"https:\/\/www.pelvicarestudio.com\/index.php\/a-quem-se-destina\/\" \/>\n<meta property=\"og:site_name\" content=\"Pelvicare Studio\" \/>\n<meta property=\"article:modified_time\" content=\"2025-10-12T13:57:41+00:00\" \/>\n<meta property=\"og:image\" content=\"https:\/\/www.pelvicarestudio.com\/wp-content\/uploads\/2025\/09\/patient-01.jpg\" \/>\n\t<meta property=\"og:image:width\" content=\"410\" \/>\n\t<meta property=\"og:image:height\" content=\"410\" \/>\n\t<meta property=\"og:image:type\" content=\"image\/jpeg\" \/>\n<meta name=\"twitter:card\" content=\"summary_large_image\" \/>\n<meta name=\"twitter:label1\" content=\"Tempo estimado de leitura\" \/>\n\t<meta name=\"twitter:data1\" content=\"5 minutos\" \/>\n<script type=\"application\/ld+json\" class=\"yoast-schema-graph\">{\"@context\":\"https:\/\/schema.org\",\"@graph\":[{\"@type\":\"WebPage\",\"@id\":\"https:\/\/www.pelvicarestudio.com\/index.php\/a-quem-se-destina\/\",\"url\":\"https:\/\/www.pelvicarestudio.com\/index.php\/a-quem-se-destina\/\",\"name\":\"A quem se destina - Pelvicare Studio\",\"isPartOf\":{\"@id\":\"https:\/\/www.pelvicarestudio.com\/#website\"},\"primaryImageOfPage\":{\"@id\":\"https:\/\/www.pelvicarestudio.com\/index.php\/a-quem-se-destina\/#primaryimage\"},\"image\":{\"@id\":\"https:\/\/www.pelvicarestudio.com\/index.php\/a-quem-se-destina\/#primaryimage\"},\"thumbnailUrl\":\"https:\/\/www.pelvicarestudio.com\/wp-content\/uploads\/2025\/09\/patient-01.jpg\",\"datePublished\":\"2025-08-16T13:05:04+00:00\",\"dateModified\":\"2025-10-12T13:57:41+00:00\",\"breadcrumb\":{\"@id\":\"https:\/\/www.pelvicarestudio.com\/index.php\/a-quem-se-destina\/#breadcrumb\"},\"inLanguage\":\"pt-PT\",\"potentialAction\":[{\"@type\":\"ReadAction\",\"target\":[\"https:\/\/www.pelvicarestudio.com\/index.php\/a-quem-se-destina\/\"]}]},{\"@type\":\"ImageObject\",\"inLanguage\":\"pt-PT\",\"@id\":\"https:\/\/www.pelvicarestudio.com\/index.php\/a-quem-se-destina\/#primaryimage\",\"url\":\"https:\/\/www.pelvicarestudio.com\/wp-content\/uploads\/2025\/09\/patient-01.jpg\",\"contentUrl\":\"https:\/\/www.pelvicarestudio.com\/wp-content\/uploads\/2025\/09\/patient-01.jpg\",\"width\":410,\"height\":410},{\"@type\":\"BreadcrumbList\",\"@id\":\"https:\/\/www.pelvicarestudio.com\/index.php\/a-quem-se-destina\/#breadcrumb\",\"itemListElement\":[{\"@type\":\"ListItem\",\"position\":1,\"name\":\"In\u00edcio\",\"item\":\"https:\/\/www.pelvicarestudio.com\/\"},{\"@type\":\"ListItem\",\"position\":2,\"name\":\"A quem se destina\"}]},{\"@type\":\"WebSite\",\"@id\":\"https:\/\/www.pelvicarestudio.com\/#website\",\"url\":\"https:\/\/www.pelvicarestudio.com\/\",\"name\":\"Pelvicare Studio\",\"description\":\"\",\"potentialAction\":[{\"@type\":\"SearchAction\",\"target\":{\"@type\":\"EntryPoint\",\"urlTemplate\":\"https:\/\/www.pelvicarestudio.com\/?s={search_term_string}\"},\"query-input\":{\"@type\":\"PropertyValueSpecification\",\"valueRequired\":true,\"valueName\":\"search_term_string\"}}],\"inLanguage\":\"pt-PT\"}]}<\/script>\n<!-- \/ Yoast SEO plugin. -->","yoast_head_json":{"title":"A quem se destina - Pelvicare Studio","robots":{"index":"index","follow":"follow","max-snippet":"max-snippet:-1","max-image-preview":"max-image-preview:large","max-video-preview":"max-video-preview:-1"},"canonical":"https:\/\/www.pelvicarestudio.com\/index.php\/a-quem-se-destina\/","og_locale":"pt_PT","og_type":"article","og_title":"A quem se destina - Pelvicare Studio","og_description":"A quem se destina Os tratamentos com tecnologia HIFEM s\u00e3o indicados para homens e mulheres em todas as fases da vida, incluindo quem procura melhorar a qualidade de vida, recuperar ap\u00f3s cirurgias ou otimizar a performance f\u00edsica. Esta solu\u00e7\u00e3o n\u00e3o invasiva \u00e9 altamente eficaz no fortalecimento do pavimento p\u00e9lvico, na preven\u00e7\u00e3o e tratamento da incontin\u00eancia&hellip;&nbsp;A quem se destina","og_url":"https:\/\/www.pelvicarestudio.com\/index.php\/a-quem-se-destina\/","og_site_name":"Pelvicare Studio","article_modified_time":"2025-10-12T13:57:41+00:00","og_image":[{"width":410,"height":410,"url":"https:\/\/www.pelvicarestudio.com\/wp-content\/uploads\/2025\/09\/patient-01.jpg","type":"image\/jpeg"}],"twitter_card":"summary_large_image","twitter_misc":{"Tempo estimado de leitura":"5 minutos"},"schema":{"@context":"https:\/\/schema.org","@graph":[{"@type":"WebPage","@id":"https:\/\/www.pelvicarestudio.com\/index.php\/a-quem-se-destina\/","url":"https:\/\/www.pelvicarestudio.com\/index.php\/a-quem-se-destina\/","name":"A quem se destina - Pelvicare Studio","isPartOf":{"@id":"https:\/\/www.pelvicarestudio.com\/#website"},"primaryImageOfPage":{"@id":"https:\/\/www.pelvicarestudio.com\/index.php\/a-quem-se-destina\/#primaryimage"},"image":{"@id":"https:\/\/www.pelvicarestudio.com\/index.php\/a-quem-se-destina\/#primaryimage"},"thumbnailUrl":"https:\/\/www.pelvicarestudio.com\/wp-content\/uploads\/2025\/09\/patient-01.jpg","datePublished":"2025-08-16T13:05:04+00:00","dateModified":"2025-10-12T13:57:41+00:00","breadcrumb":{"@id":"https:\/\/www.pelvicarestudio.com\/index.php\/a-quem-se-destina\/#breadcrumb"},"inLanguage":"pt-PT","potentialAction":[{"@type":"ReadAction","target":["https:\/\/www.pelvicarestudio.com\/index.php\/a-quem-se-destina\/"]}]},{"@type":"ImageObject","inLanguage":"pt-PT","@id":"https:\/\/www.pelvicarestudio.com\/index.php\/a-quem-se-destina\/#primaryimage","url":"https:\/\/www.pelvicarestudio.com\/wp-content\/uploads\/2025\/09\/patient-01.jpg","contentUrl":"https:\/\/www.pelvicarestudio.com\/wp-content\/uploads\/2025\/09\/patient-01.jpg","width":410,"height":410},{"@type":"BreadcrumbList","@id":"https:\/\/www.pelvicarestudio.com\/index.php\/a-quem-se-destina\/#breadcrumb","itemListElement":[{"@type":"ListItem","position":1,"name":"In\u00edcio","item":"https:\/\/www.pelvicarestudio.com\/"},{"@type":"ListItem","position":2,"name":"A quem se destina"}]},{"@type":"WebSite","@id":"https:\/\/www.pelvicarestudio.com\/#website","url":"https:\/\/www.pelvicarestudio.com\/","name":"Pelvicare Studio","description":"","potentialAction":[{"@type":"SearchAction","target":{"@type":"EntryPoint","urlTemplate":"https:\/\/www.pelvicarestudio.com\/?s={search_term_string}"},"query-input":{"@type":"PropertyValueSpecification","valueRequired":true,"valueName":"search_term_string"}}],"inLanguage":"pt-PT"}]}},"_links":{"self":[{"href":"https:\/\/www.pelvicarestudio.com\/index.php\/wp-json\/wp\/v2\/pages\/202","targetHints":{"allow":["GET"]}}],"collection":[{"href":"https:\/\/www.pelvicarestudio.com\/index.php\/wp-json\/wp\/v2\/pages"}],"about":[{"href":"https:\/\/www.pelvicarestudio.com\/index.php\/wp-json\/wp\/v2\/types\/page"}],"author":[{"embeddable":true,"href":"https:\/\/www.pelvicarestudio.com\/index.php\/wp-json\/wp\/v2\/users\/1"}],"replies":[{"embeddable":true,"href":"https:\/\/www.pelvicarestudio.com\/index.php\/wp-json\/wp\/v2\/comments?post=202"}],"version-history":[{"count":48,"href":"https:\/\/www.pelvicarestudio.com\/index.php\/wp-json\/wp\/v2\/pages\/202\/revisions"}],"predecessor-version":[{"id":797,"href":"https:\/\/www.pelvicarestudio.com\/index.php\/wp-json\/wp\/v2\/pages\/202\/revisions\/797"}],"wp:attachment":[{"href":"https:\/\/www.pelvicarestudio.com\/index.php\/wp-json\/wp\/v2\/media?parent=202"}],"curies":[{"name":"wp","href":"https:\/\/api.w.org\/{rel}","templated":true}]}}