{"id":20,"date":"2025-08-03T21:58:44","date_gmt":"2025-08-03T21:58:44","guid":{"rendered":"https:\/\/www.pelvicarestudio.com\/?page_id=20"},"modified":"2025-10-12T13:47:30","modified_gmt":"2025-10-12T13:47:30","slug":"contacto","status":"publish","type":"page","link":"https:\/\/www.pelvicarestudio.com\/index.php\/contacto\/","title":{"rendered":"Contacto"},"content":{"rendered":"\n<div style=\"height:100px\" aria-hidden=\"true\" class=\"wp-block-spacer\"><\/div>\n\n\n\n<h2 class=\"wp-block-heading has-text-align-center\">Contacto<\/h2>\n\n\n\n<div class=\"wp-block-columns alignfull is-layout-flex wp-container-core-columns-is-layout-9d6595d7 wp-block-columns-is-layout-flex\">\n<div class=\"wp-block-column is-layout-flow wp-block-column-is-layout-flow\" style=\"flex-basis:15%\"><\/div>\n\n\n\n<div class=\"wp-block-column is-layout-flow wp-block-column-is-layout-flow\" style=\"flex-basis:70%\">\n<p class=\"has-text-align-center\" style=\"padding-right:var(--wp--preset--spacing--60);padding-left:var(--wp--preset--spacing--60)\"><strong>A Pelvicare disponibiliza a sua tecnologia atrav\u00e9s de parcerias com cl\u00ednicas e est\u00fadios de sa\u00fade, garantindo que os tratamentos chegam a mais pessoas com qualidade e seguran\u00e7a. Atualmente, os nossos servi\u00e7os est\u00e3o dispon\u00edveis na <a href=\"https:\/\/delloclinique.com\/\" target=\"_blank\" rel=\"noreferrer noopener\">Dello Clinique<\/a>, em Lisboa, onde pode agendar as suas sess\u00f5es diretamente com o parceiro: <\/strong>(+351) <img loading=\"lazy\" decoding=\"async\" width=\"72\" height=\"72\" class=\"wp-image-787\" style=\"width: 20px; vertical-align: text-bottom;\" src=\"https:\/\/www.pelvicarestudio.com\/wp-content\/uploads\/2025\/10\/icon-wapp.png\" alt=\"\"> <strong>961 763 170.<\/strong><\/p>\n\n\n\n<p class=\"has-text-align-center\" style=\"padding-right:var(--wp--preset--spacing--60);padding-left:var(--wp--preset--spacing--60)\">Se deseja oferecer este servi\u00e7o inovador no seu espa\u00e7o, contacte-nos atrav\u00e9s do (+351) <img loading=\"lazy\" decoding=\"async\" width=\"72\" height=\"72\" class=\"wp-image-787\" style=\"width: 20px; vertical-align: text-bottom;\" src=\"https:\/\/www.pelvicarestudio.com\/wp-content\/uploads\/2025\/10\/icon-wapp.png\" alt=\"\"> <strong>968 160 679<\/strong> ou do e-mail <a href=\"mailto:geral@pelvicarestudio.com\"><strong>geral@pelvicarestudio.com<\/strong><\/a>. A nossa equipa assegura forma\u00e7\u00e3o, acompanhamento e integra\u00e7\u00e3o da tecnologia no seu neg\u00f3cio.<\/p>\n\n\n\n<div style=\"height:23px\" aria-hidden=\"true\" class=\"wp-block-spacer\"><\/div>\n<\/div>\n\n\n\n<div class=\"wp-block-column is-layout-flow wp-block-column-is-layout-flow\" style=\"flex-basis:15%\"><\/div>\n<\/div>\n\n\n\n<div style=\"height:44px\" aria-hidden=\"true\" class=\"wp-block-spacer\"><\/div>\n\n\n\n<div class=\"wp-block-group\"><div class=\"wp-block-group__inner-container is-layout-constrained wp-block-group-is-layout-constrained\">\n<div class=\"wp-block-columns is-layout-flex wp-container-core-columns-is-layout-9d6595d7 wp-block-columns-is-layout-flex\">\n<div class=\"wp-block-column is-layout-flow wp-block-column-is-layout-flow\" style=\"flex-basis:100%\">\n<div class=\"wp-block-columns alignwide is-layout-flex wp-container-core-columns-is-layout-9d6595d7 wp-block-columns-is-layout-flex\">\n<div class=\"wp-block-column is-layout-flow wp-block-column-is-layout-flow\" style=\"flex-basis:100%\">\n<div class=\"wp-block-columns is-layout-flex wp-container-core-columns-is-layout-9d6595d7 wp-block-columns-is-layout-flex\" style=\"border-bottom-color:var(--wp--preset--color--nv-c-1);border-bottom-width:1px\">\n<div class=\"wp-block-column is-layout-flow wp-block-column-is-layout-flow\" style=\"flex-basis:15%\"><\/div>\n\n\n\n<div class=\"wp-block-column is-layout-flow wp-block-column-is-layout-flow\" style=\"flex-basis:70%\">\n<div style=\"height:49px\" aria-hidden=\"true\" class=\"wp-block-spacer\"><\/div>\n\n\n<div class=\"wp-block-image\">\n<figure class=\"aligncenter size-full is-resized has-custom-border\"><a href=\"https:\/\/delloclinique.com\" target=\"_blank\" rel=\" noreferrer noopener\"><img loading=\"lazy\" decoding=\"async\" width=\"400\" height=\"401\" src=\"https:\/\/www.pelvicarestudio.com\/wp-content\/uploads\/2025\/09\/spot-dello-clinique.jpg\" alt=\"\" class=\"has-border-color has-neve-link-color-border-color wp-image-600\" style=\"border-width:5px;aspect-ratio:1;object-fit:cover;width:207px;height:auto\" srcset=\"https:\/\/www.pelvicarestudio.com\/wp-content\/uploads\/2025\/09\/spot-dello-clinique.jpg 400w, https:\/\/www.pelvicarestudio.com\/wp-content\/uploads\/2025\/09\/spot-dello-clinique-300x300.jpg 300w, https:\/\/www.pelvicarestudio.com\/wp-content\/uploads\/2025\/09\/spot-dello-clinique-150x150.jpg 150w\" sizes=\"auto, (max-width: 400px) 100vw, 400px\" \/><\/a><\/figure>\n<\/div>\n\n\n<div style=\"height:20px\" aria-hidden=\"true\" class=\"wp-block-spacer\"><\/div>\n\n\n\n<h2 class=\"wp-block-heading has-text-align-center\" style=\"font-size:26px\">Dello Clinique<\/h2>\n\n\n\n<p class=\"has-text-align-center has-medium-font-size\">Rua L\u00facio Azevedo, 17, Loja B <br>1600-145 LISBOA<br>T.: (+351)<strong>&nbsp;217 271 657<\/strong> \/ <strong>961 763 170<\/strong><br><img loading=\"lazy\" decoding=\"async\" width=\"72\" height=\"72\" class=\"wp-image-789\" style=\"width: 22px; vertical-align: text-bottom;\" src=\"https:\/\/www.pelvicarestudio.com\/wp-content\/uploads\/2025\/10\/icon-mail.png\" alt=\"\"> <a href=\"mailto:apoioaocliente@delloclinique.com\">apoioaocliente@delloclinique.com<\/a><\/p>\n\n\n\n<p class=\"has-text-align-center\"><img loading=\"lazy\" decoding=\"async\" width=\"72\" height=\"72\" class=\"wp-image-788\" style=\"width: 24px; vertical-align: text-bottom;\" src=\"https:\/\/www.pelvicarestudio.com\/wp-content\/uploads\/2025\/10\/icon-loc.png\" alt=\"\"> 38.75511702283467, -9.173372420042623<\/p>\n\n\n\n<div style=\"height:65px\" aria-hidden=\"true\" class=\"wp-block-spacer\"><\/div>\n<\/div>\n\n\n\n<div class=\"wp-block-column is-layout-flow wp-block-column-is-layout-flow\" style=\"flex-basis:15%\"><\/div>\n<\/div>\n\n\n\n<div style=\"height:71px\" aria-hidden=\"true\" class=\"wp-block-spacer\"><\/div>\n\n\n\n<div class=\"wp-block-columns is-layout-flex wp-container-core-columns-is-layout-9d6595d7 wp-block-columns-is-layout-flex\">\n<div class=\"wp-block-column is-layout-flow wp-block-column-is-layout-flow\" style=\"flex-basis:15%\"><\/div>\n\n\n\n<div class=\"wp-block-column is-layout-flow wp-block-column-is-layout-flow\" style=\"flex-basis:70%\">\n<p class=\"has-text-align-center has-medium-font-size\"><strong>N\u00e3o encontrou um local perto de si?<\/strong><\/p>\n\n\n\n<p class=\"has-text-align-center\" style=\"padding-right:var(--wp--preset--spacing--60);padding-left:var(--wp--preset--spacing--60);font-size:18px\">Ainda assim, poder\u00e1 <a href=\"mailto:geral@pelvicarestudio.com\">contactar-nos<\/a> para obter mais informa\u00e7\u00f5es ou uma solu\u00e7\u00e3o indicada para si.<\/p>\n<\/div>\n\n\n\n<div class=\"wp-block-column is-layout-flow wp-block-column-is-layout-flow\" style=\"flex-basis:15%\"><\/div>\n<\/div>\n<\/div>\n<\/div>\n<\/div>\n<\/div>\n<\/div><\/div>\n","protected":false},"excerpt":{"rendered":"<p>Contacto A Pelvicare disponibiliza a sua tecnologia atrav\u00e9s de parcerias com cl\u00ednicas e est\u00fadios de sa\u00fade, garantindo que os tratamentos chegam a mais pessoas com qualidade e seguran\u00e7a. Atualmente, os nossos servi\u00e7os est\u00e3o dispon\u00edveis na Dello Clinique, em Lisboa, onde pode agendar as suas sess\u00f5es diretamente com o parceiro: (+351) 961 763 170. Se deseja&hellip;&nbsp;<a href=\"https:\/\/www.pelvicarestudio.com\/index.php\/contacto\/\" rel=\"bookmark\"><span class=\"screen-reader-text\">Contacto<\/span><\/a><\/p>\n","protected":false},"author":1,"featured_media":0,"parent":0,"menu_order":0,"comment_status":"closed","ping_status":"closed","template":"","meta":{"neve_meta_sidebar":"","neve_meta_container":"","neve_meta_enable_content_width":"on","neve_meta_content_width":100,"neve_meta_title_alignment":"","neve_meta_author_avatar":"","neve_post_elements_order":"","neve_meta_disable_header":"","neve_meta_disable_footer":"","neve_meta_disable_title":"on","footnotes":""},"class_list":["post-20","page","type-page","status-publish","hentry"],"yoast_head":"<!-- This site is optimized with the Yoast SEO plugin v25.6 - https:\/\/yoast.com\/wordpress\/plugins\/seo\/ -->\n<title>Contacto - Pelvicare Studio<\/title>\n<meta name=\"robots\" content=\"index, follow, max-snippet:-1, max-image-preview:large, max-video-preview:-1\" \/>\n<link rel=\"canonical\" href=\"https:\/\/www.pelvicarestudio.com\/index.php\/contacto\/\" \/>\n<meta property=\"og:locale\" content=\"pt_PT\" \/>\n<meta property=\"og:type\" content=\"article\" \/>\n<meta property=\"og:title\" content=\"Contacto - Pelvicare Studio\" \/>\n<meta property=\"og:description\" content=\"Contacto A Pelvicare disponibiliza a sua tecnologia atrav\u00e9s de parcerias com cl\u00ednicas e est\u00fadios de sa\u00fade, garantindo que os tratamentos chegam a mais pessoas com qualidade e seguran\u00e7a. Atualmente, os nossos servi\u00e7os est\u00e3o dispon\u00edveis na Dello Clinique, em Lisboa, onde pode agendar as suas sess\u00f5es diretamente com o parceiro: (+351) 961 763 170. Se deseja&hellip;&nbsp;Contacto\" \/>\n<meta property=\"og:url\" content=\"https:\/\/www.pelvicarestudio.com\/index.php\/contacto\/\" \/>\n<meta property=\"og:site_name\" content=\"Pelvicare Studio\" \/>\n<meta property=\"article:modified_time\" content=\"2025-10-12T13:47:30+00:00\" \/>\n<meta property=\"og:image\" content=\"https:\/\/www.pelvicarestudio.com\/wp-content\/uploads\/2025\/10\/icon-wapp.png\" \/>\n\t<meta property=\"og:image:width\" content=\"72\" \/>\n\t<meta property=\"og:image:height\" content=\"72\" \/>\n\t<meta property=\"og:image:type\" content=\"image\/png\" \/>\n<meta name=\"twitter:card\" content=\"summary_large_image\" \/>\n<meta name=\"twitter:label1\" content=\"Tempo estimado de leitura\" \/>\n\t<meta name=\"twitter:data1\" content=\"2 minutos\" \/>\n<script type=\"application\/ld+json\" class=\"yoast-schema-graph\">{\"@context\":\"https:\/\/schema.org\",\"@graph\":[{\"@type\":\"WebPage\",\"@id\":\"https:\/\/www.pelvicarestudio.com\/index.php\/contacto\/\",\"url\":\"https:\/\/www.pelvicarestudio.com\/index.php\/contacto\/\",\"name\":\"Contacto - Pelvicare Studio\",\"isPartOf\":{\"@id\":\"https:\/\/www.pelvicarestudio.com\/#website\"},\"primaryImageOfPage\":{\"@id\":\"https:\/\/www.pelvicarestudio.com\/index.php\/contacto\/#primaryimage\"},\"image\":{\"@id\":\"https:\/\/www.pelvicarestudio.com\/index.php\/contacto\/#primaryimage\"},\"thumbnailUrl\":\"https:\/\/www.pelvicarestudio.com\/wp-content\/uploads\/2025\/10\/icon-wapp.png\",\"datePublished\":\"2025-08-03T21:58:44+00:00\",\"dateModified\":\"2025-10-12T13:47:30+00:00\",\"breadcrumb\":{\"@id\":\"https:\/\/www.pelvicarestudio.com\/index.php\/contacto\/#breadcrumb\"},\"inLanguage\":\"pt-PT\",\"potentialAction\":[{\"@type\":\"ReadAction\",\"target\":[\"https:\/\/www.pelvicarestudio.com\/index.php\/contacto\/\"]}]},{\"@type\":\"ImageObject\",\"inLanguage\":\"pt-PT\",\"@id\":\"https:\/\/www.pelvicarestudio.com\/index.php\/contacto\/#primaryimage\",\"url\":\"https:\/\/www.pelvicarestudio.com\/wp-content\/uploads\/2025\/10\/icon-wapp.png\",\"contentUrl\":\"https:\/\/www.pelvicarestudio.com\/wp-content\/uploads\/2025\/10\/icon-wapp.png\",\"width\":72,\"height\":72},{\"@type\":\"BreadcrumbList\",\"@id\":\"https:\/\/www.pelvicarestudio.com\/index.php\/contacto\/#breadcrumb\",\"itemListElement\":[{\"@type\":\"ListItem\",\"position\":1,\"name\":\"In\u00edcio\",\"item\":\"https:\/\/www.pelvicarestudio.com\/\"},{\"@type\":\"ListItem\",\"position\":2,\"name\":\"Contacto\"}]},{\"@type\":\"WebSite\",\"@id\":\"https:\/\/www.pelvicarestudio.com\/#website\",\"url\":\"https:\/\/www.pelvicarestudio.com\/\",\"name\":\"Pelvicare Studio\",\"description\":\"\",\"potentialAction\":[{\"@type\":\"SearchAction\",\"target\":{\"@type\":\"EntryPoint\",\"urlTemplate\":\"https:\/\/www.pelvicarestudio.com\/?s={search_term_string}\"},\"query-input\":{\"@type\":\"PropertyValueSpecification\",\"valueRequired\":true,\"valueName\":\"search_term_string\"}}],\"inLanguage\":\"pt-PT\"}]}<\/script>\n<!-- \/ Yoast SEO plugin. -->","yoast_head_json":{"title":"Contacto - Pelvicare Studio","robots":{"index":"index","follow":"follow","max-snippet":"max-snippet:-1","max-image-preview":"max-image-preview:large","max-video-preview":"max-video-preview:-1"},"canonical":"https:\/\/www.pelvicarestudio.com\/index.php\/contacto\/","og_locale":"pt_PT","og_type":"article","og_title":"Contacto - Pelvicare Studio","og_description":"Contacto A Pelvicare disponibiliza a sua tecnologia atrav\u00e9s de parcerias com cl\u00ednicas e est\u00fadios de sa\u00fade, garantindo que os tratamentos chegam a mais pessoas com qualidade e seguran\u00e7a. Atualmente, os nossos servi\u00e7os est\u00e3o dispon\u00edveis na Dello Clinique, em Lisboa, onde pode agendar as suas sess\u00f5es diretamente com o parceiro: (+351) 961 763 170. Se deseja&hellip;&nbsp;Contacto","og_url":"https:\/\/www.pelvicarestudio.com\/index.php\/contacto\/","og_site_name":"Pelvicare Studio","article_modified_time":"2025-10-12T13:47:30+00:00","og_image":[{"width":72,"height":72,"url":"https:\/\/www.pelvicarestudio.com\/wp-content\/uploads\/2025\/10\/icon-wapp.png","type":"image\/png"}],"twitter_card":"summary_large_image","twitter_misc":{"Tempo estimado de leitura":"2 minutos"},"schema":{"@context":"https:\/\/schema.org","@graph":[{"@type":"WebPage","@id":"https:\/\/www.pelvicarestudio.com\/index.php\/contacto\/","url":"https:\/\/www.pelvicarestudio.com\/index.php\/contacto\/","name":"Contacto - Pelvicare Studio","isPartOf":{"@id":"https:\/\/www.pelvicarestudio.com\/#website"},"primaryImageOfPage":{"@id":"https:\/\/www.pelvicarestudio.com\/index.php\/contacto\/#primaryimage"},"image":{"@id":"https:\/\/www.pelvicarestudio.com\/index.php\/contacto\/#primaryimage"},"thumbnailUrl":"https:\/\/www.pelvicarestudio.com\/wp-content\/uploads\/2025\/10\/icon-wapp.png","datePublished":"2025-08-03T21:58:44+00:00","dateModified":"2025-10-12T13:47:30+00:00","breadcrumb":{"@id":"https:\/\/www.pelvicarestudio.com\/index.php\/contacto\/#breadcrumb"},"inLanguage":"pt-PT","potentialAction":[{"@type":"ReadAction","target":["https:\/\/www.pelvicarestudio.com\/index.php\/contacto\/"]}]},{"@type":"ImageObject","inLanguage":"pt-PT","@id":"https:\/\/www.pelvicarestudio.com\/index.php\/contacto\/#primaryimage","url":"https:\/\/www.pelvicarestudio.com\/wp-content\/uploads\/2025\/10\/icon-wapp.png","contentUrl":"https:\/\/www.pelvicarestudio.com\/wp-content\/uploads\/2025\/10\/icon-wapp.png","width":72,"height":72},{"@type":"BreadcrumbList","@id":"https:\/\/www.pelvicarestudio.com\/index.php\/contacto\/#breadcrumb","itemListElement":[{"@type":"ListItem","position":1,"name":"In\u00edcio","item":"https:\/\/www.pelvicarestudio.com\/"},{"@type":"ListItem","position":2,"name":"Contacto"}]},{"@type":"WebSite","@id":"https:\/\/www.pelvicarestudio.com\/#website","url":"https:\/\/www.pelvicarestudio.com\/","name":"Pelvicare Studio","description":"","potentialAction":[{"@type":"SearchAction","target":{"@type":"EntryPoint","urlTemplate":"https:\/\/www.pelvicarestudio.com\/?s={search_term_string}"},"query-input":{"@type":"PropertyValueSpecification","valueRequired":true,"valueName":"search_term_string"}}],"inLanguage":"pt-PT"}]}},"_links":{"self":[{"href":"https:\/\/www.pelvicarestudio.com\/index.php\/wp-json\/wp\/v2\/pages\/20","targetHints":{"allow":["GET"]}}],"collection":[{"href":"https:\/\/www.pelvicarestudio.com\/index.php\/wp-json\/wp\/v2\/pages"}],"about":[{"href":"https:\/\/www.pelvicarestudio.com\/index.php\/wp-json\/wp\/v2\/types\/page"}],"author":[{"embeddable":true,"href":"https:\/\/www.pelvicarestudio.com\/index.php\/wp-json\/wp\/v2\/users\/1"}],"replies":[{"embeddable":true,"href":"https:\/\/www.pelvicarestudio.com\/index.php\/wp-json\/wp\/v2\/comments?post=20"}],"version-history":[{"count":20,"href":"https:\/\/www.pelvicarestudio.com\/index.php\/wp-json\/wp\/v2\/pages\/20\/revisions"}],"predecessor-version":[{"id":793,"href":"https:\/\/www.pelvicarestudio.com\/index.php\/wp-json\/wp\/v2\/pages\/20\/revisions\/793"}],"wp:attachment":[{"href":"https:\/\/www.pelvicarestudio.com\/index.php\/wp-json\/wp\/v2\/media?parent=20"}],"curies":[{"name":"wp","href":"https:\/\/api.w.org\/{rel}","templated":true}]}}