{"id":19,"date":"2025-08-03T21:58:44","date_gmt":"2025-08-03T21:58:44","guid":{"rendered":"https:\/\/www.pelvicarestudio.com\/?page_id=19"},"modified":"2025-10-12T12:03:00","modified_gmt":"2025-10-12T12:03:00","slug":"o-que-fazemos","status":"publish","type":"page","link":"https:\/\/www.pelvicarestudio.com\/index.php\/o-que-fazemos\/","title":{"rendered":"O que fazemos"},"content":{"rendered":"\n<div style=\"height:100px\" aria-hidden=\"true\" class=\"wp-block-spacer\"><\/div>\n\n\n\n<h2 class=\"wp-block-heading has-text-align-center\">O que fazemos<\/h2>\n\n\n\n<div class=\"wp-block-columns alignfull is-layout-flex wp-container-core-columns-is-layout-9d6595d7 wp-block-columns-is-layout-flex\">\n<div class=\"wp-block-column is-layout-flow wp-block-column-is-layout-flow\" style=\"flex-basis:15%\"><\/div>\n\n\n\n<div class=\"wp-block-column is-layout-flow wp-block-column-is-layout-flow\" style=\"flex-basis:70%\">\n<p class=\"has-text-align-center\" style=\"padding-right:var(--wp--preset--spacing--60);padding-left:var(--wp--preset--spacing--60)\"><strong>Na\u00a0 Pelvicare Studio, somos especialistas em tratamentos n\u00e3o invasivos com tecnologia HIFEM (High-Intensity Focused Electromagnetic), desenvolvidos para fortalecer a musculatura p\u00e9lvica, combater a incontin\u00eancia urin\u00e1ria, melhorar a est\u00e9tica \u00edntima e tratar a disfun\u00e7\u00e3o er\u00e9til \u2014 tudo com conforto, seguran\u00e7a e resultados reais para homens e mulheres.<\/strong><br><br>A tecnologia <strong>HIFEM <\/strong>\u00e9 reconhecida internacionalmente e amplamente utilizada nos EUA e Reino Unido, sendo <strong>aprovada por entidades reguladoras<\/strong> (Infarmed)\u00a0 e aplicada em institui\u00e7\u00f5es de refer\u00eancia, como o <strong>Instituto Portugu\u00eas de Oncologia<\/strong>. Trata-se de um m\u00e9todo n\u00e3o invasivo, sem sondas, sem gel,\u00a0 indolor e eficaz.<br><\/p>\n\n\n\n<div style=\"height:23px\" aria-hidden=\"true\" class=\"wp-block-spacer\"><\/div>\n\n\n<div class=\"wp-block-image\">\n<figure class=\"aligncenter size-full is-resized\"><img loading=\"lazy\" decoding=\"async\" width=\"741\" height=\"323\" src=\"https:\/\/www.pelvicarestudio.com\/wp-content\/uploads\/2025\/09\/logo_infarmed.jpg\" alt=\"\" class=\"wp-image-644\" style=\"width:285px\" srcset=\"https:\/\/www.pelvicarestudio.com\/wp-content\/uploads\/2025\/09\/logo_infarmed.jpg 741w, https:\/\/www.pelvicarestudio.com\/wp-content\/uploads\/2025\/09\/logo_infarmed-300x131.jpg 300w\" sizes=\"auto, (max-width: 741px) 100vw, 741px\" \/><\/figure>\n<\/div>\n\n<div class=\"wp-block-image\">\n<figure class=\"aligncenter size-full is-resized\"><img loading=\"lazy\" decoding=\"async\" width=\"741\" height=\"323\" src=\"https:\/\/www.pelvicarestudio.com\/wp-content\/uploads\/2025\/09\/logo_ipo-lx.jpg\" alt=\"\" class=\"wp-image-645\" style=\"width:285px;height:auto\" srcset=\"https:\/\/www.pelvicarestudio.com\/wp-content\/uploads\/2025\/09\/logo_ipo-lx.jpg 741w, https:\/\/www.pelvicarestudio.com\/wp-content\/uploads\/2025\/09\/logo_ipo-lx-300x131.jpg 300w\" sizes=\"auto, (max-width: 741px) 100vw, 741px\" \/><\/figure>\n<\/div><\/div>\n\n\n\n<div class=\"wp-block-column is-layout-flow wp-block-column-is-layout-flow\" style=\"flex-basis:15%\"><\/div>\n<\/div>\n\n\n\n<div class=\"wp-block-columns alignwide is-layout-flex wp-container-core-columns-is-layout-9d6595d7 wp-block-columns-is-layout-flex\">\n<div class=\"wp-block-column is-layout-flow wp-block-column-is-layout-flow\" style=\"flex-basis:15%\"><\/div>\n\n\n\n<div class=\"wp-block-column is-layout-flow wp-block-column-is-layout-flow\" style=\"flex-basis:70%\">\n<p class=\"has-text-align-center\" style=\"padding-right:var(--wp--preset--spacing--60);padding-left:var(--wp--preset--spacing--60)\">A cadeira <strong>Pelvicare <\/strong>induz milhares de contra\u00e7\u00f5es musculares supram\u00e1ximas em cada sess\u00e3o, equivalentes a centenas de exerc\u00edcios de <em>Kegel<\/em>, mas sem esfor\u00e7o f\u00edsico.<\/p>\n\n\n\n<div style=\"height:44px\" aria-hidden=\"true\" class=\"wp-block-spacer\"><\/div>\n<\/div>\n\n\n\n<div class=\"wp-block-column is-layout-flow wp-block-column-is-layout-flow\" style=\"flex-basis:15%\"><\/div>\n<\/div>\n\n\n<div class=\"wp-block-image\">\n<figure class=\"aligncenter size-large is-resized\"><img loading=\"lazy\" decoding=\"async\" width=\"924\" height=\"1024\" src=\"https:\/\/www.pelvicarestudio.com\/wp-content\/uploads\/2025\/08\/site-graphics_pelvicare-chair-924x1024.png\" alt=\"\" class=\"wp-image-116\" style=\"width:456px;height:auto\" srcset=\"https:\/\/www.pelvicarestudio.com\/wp-content\/uploads\/2025\/08\/site-graphics_pelvicare-chair-924x1024.png 924w, https:\/\/www.pelvicarestudio.com\/wp-content\/uploads\/2025\/08\/site-graphics_pelvicare-chair-271x300.png 271w, https:\/\/www.pelvicarestudio.com\/wp-content\/uploads\/2025\/08\/site-graphics_pelvicare-chair-768x851.png 768w, https:\/\/www.pelvicarestudio.com\/wp-content\/uploads\/2025\/08\/site-graphics_pelvicare-chair.png 946w\" sizes=\"auto, (max-width: 924px) 100vw, 924px\" \/><\/figure>\n<\/div>\n\n\n<div style=\"height:100px\" aria-hidden=\"true\" class=\"wp-block-spacer\"><\/div>\n\n\n\n<div class=\"wp-block-columns is-layout-flex wp-container-core-columns-is-layout-9d6595d7 wp-block-columns-is-layout-flex\">\n<div class=\"wp-block-column is-layout-flow wp-block-column-is-layout-flow\" style=\"flex-basis:100%\">\n<div class=\"wp-block-columns is-layout-flex wp-container-core-columns-is-layout-9d6595d7 wp-block-columns-is-layout-flex\">\n<div class=\"wp-block-column is-layout-flow wp-block-column-is-layout-flow\" style=\"flex-basis:15%\"><\/div>\n\n\n\n<div class=\"wp-block-column is-layout-flow wp-block-column-is-layout-flow\" style=\"flex-basis:70%\">\n<hr class=\"wp-block-separator has-alpha-channel-opacity\"\/>\n\n\n\n<div style=\"height:54px\" aria-hidden=\"true\" class=\"wp-block-spacer\"><\/div>\n\n\n\n<h2 class=\"wp-block-heading has-text-align-center\">Benef\u00edcios comprovados<\/h2>\n\n\n\n<h4 class=\"wp-block-heading has-text-align-center has-neve-link-color-color has-text-color has-link-color wp-elements-f5d023338a62fe43c253490faa43eb5c\" style=\"padding-top:0;padding-right:var(--wp--preset--spacing--80);padding-bottom:0;padding-left:var(--wp--preset--spacing--80);font-size:22px\"><br><strong>Redu\u00e7\u00e3o ou elimina\u00e7\u00e3o da incontin\u00eancia urin\u00e1ria<\/strong> (desde leve a severa)<strong>.<br><br>Melhoria da fun\u00e7\u00e3o sexual e aumento da irriga\u00e7\u00e3o sangu\u00ednea.<br><br>Recupera\u00e7\u00e3o no p\u00f3s-parto e durante a menopausa.<br><br>Indicado tamb\u00e9m para homens com disfun\u00e7\u00f5es do pavimento p\u00e9lvico.<\/strong><br> <br><\/h4>\n\n\n\n<div style=\"height:38px\" aria-hidden=\"true\" class=\"wp-block-spacer\"><\/div>\n\n\n\n<hr class=\"wp-block-separator has-alpha-channel-opacity\"\/>\n<\/div>\n\n\n\n<div class=\"wp-block-column is-layout-flow wp-block-column-is-layout-flow\" style=\"flex-basis:15%\"><\/div>\n<\/div>\n<\/div>\n<\/div>\n\n\n\n<div style=\"height:50px\" aria-hidden=\"true\" class=\"wp-block-spacer\"><\/div>\n\n\n\n<div class=\"wp-block-columns is-layout-flex wp-container-core-columns-is-layout-9d6595d7 wp-block-columns-is-layout-flex\">\n<div class=\"wp-block-column is-layout-flow wp-block-column-is-layout-flow\" style=\"flex-basis:100%\">\n<figure class=\"wp-block-image alignfull size-full\"><img loading=\"lazy\" decoding=\"async\" width=\"1084\" height=\"498\" src=\"https:\/\/www.pelvicarestudio.com\/wp-content\/uploads\/2025\/09\/parcerias-1.jpg\" alt=\"\" class=\"wp-image-688\" srcset=\"https:\/\/www.pelvicarestudio.com\/wp-content\/uploads\/2025\/09\/parcerias-1.jpg 1084w, https:\/\/www.pelvicarestudio.com\/wp-content\/uploads\/2025\/09\/parcerias-1-300x138.jpg 300w, https:\/\/www.pelvicarestudio.com\/wp-content\/uploads\/2025\/09\/parcerias-1-1024x470.jpg 1024w, https:\/\/www.pelvicarestudio.com\/wp-content\/uploads\/2025\/09\/parcerias-1-768x353.jpg 768w\" sizes=\"auto, (max-width: 1084px) 100vw, 1084px\" \/><\/figure>\n\n\n\n<div class=\"wp-block-columns is-layout-flex wp-container-core-columns-is-layout-9d6595d7 wp-block-columns-is-layout-flex\">\n<div class=\"wp-block-column is-layout-flow wp-block-column-is-layout-flow\" style=\"flex-basis:15%\"><\/div>\n\n\n\n<div class=\"wp-block-column is-layout-flow wp-block-column-is-layout-flow\" style=\"flex-basis:70%\">\n<div style=\"height:50px\" aria-hidden=\"true\" class=\"wp-block-spacer\"><\/div>\n\n\n\n<h2 class=\"wp-block-heading has-text-align-center\">Inova\u00e7\u00e3o e Parcerias<\/h2>\n\n\n\n<p class=\"has-text-align-center\" style=\"padding-right:var(--wp--preset--spacing--60);padding-left:var(--wp--preset--spacing--60)\">A <strong>Pelvicare Studio<\/strong> n\u00e3o \u00e9 apenas um espa\u00e7o de tratamentos \u2013 \u00e9 um <em>hub <\/em>de inova\u00e7\u00e3o em sa\u00fade \u00edntima. Trabalhamos em<strong> parceria com cl\u00ednicas m\u00e9dicas, fisioterapeutas e est\u00fadios de bem-estar<\/strong>, levando esta tecnologia de ponta at\u00e9 aos seus pacientes. <\/p>\n\n\n\n<p class=\"has-text-align-center\" style=\"padding-right:var(--wp--preset--spacing--60);padding-left:var(--wp--preset--spacing--60)\">Oferecemos forma\u00e7\u00e3o especializada, acompanhamento cont\u00ednuo e solu\u00e7\u00f5es personalizadas para integrar este servi\u00e7o no seu neg\u00f3cio. Se <strong>procura expandir os seus servi\u00e7os<\/strong> com um tratamento eficaz, n\u00e3o invasivo e altamente procurado, a Pelvicare \u00e9 a solu\u00e7\u00e3o ideal.<\/p>\n\n\n\n<p class=\"has-text-align-center\" style=\"padding-right:var(--wp--preset--spacing--60);padding-left:var(--wp--preset--spacing--60)\"><strong>Junte-se a n\u00f3s<\/strong> e leve a inova\u00e7\u00e3o at\u00e9 aos seus clientes.<br><strong><a href=\"https:\/\/www.pelvicarestudio.com\/index.php\/seja-nosso-parceiro\/\">Seja nosso parceiro!<\/a>\u00a0<\/strong><\/p>\n<\/div>\n\n\n\n<div class=\"wp-block-column is-layout-flow wp-block-column-is-layout-flow\" style=\"flex-basis:15%\"><\/div>\n<\/div>\n<\/div>\n<\/div>\n","protected":false},"excerpt":{"rendered":"<p>O que fazemos Na\u00a0 Pelvicare Studio, somos especialistas em tratamentos n\u00e3o invasivos com tecnologia HIFEM (High-Intensity Focused Electromagnetic), desenvolvidos para fortalecer a musculatura p\u00e9lvica, combater a incontin\u00eancia urin\u00e1ria, melhorar a est\u00e9tica \u00edntima e tratar a disfun\u00e7\u00e3o er\u00e9til \u2014 tudo com conforto, seguran\u00e7a e resultados reais para homens e mulheres. A tecnologia HIFEM \u00e9 reconhecida internacionalmente&hellip;&nbsp;<a href=\"https:\/\/www.pelvicarestudio.com\/index.php\/o-que-fazemos\/\" rel=\"bookmark\"><span class=\"screen-reader-text\">O que fazemos<\/span><\/a><\/p>\n","protected":false},"author":1,"featured_media":0,"parent":0,"menu_order":0,"comment_status":"closed","ping_status":"closed","template":"","meta":{"neve_meta_sidebar":"","neve_meta_container":"","neve_meta_enable_content_width":"on","neve_meta_content_width":100,"neve_meta_title_alignment":"","neve_meta_author_avatar":"","neve_post_elements_order":"","neve_meta_disable_header":"","neve_meta_disable_footer":"","neve_meta_disable_title":"on","footnotes":""},"class_list":["post-19","page","type-page","status-publish","hentry"],"yoast_head":"<!-- This site is optimized with the Yoast SEO plugin v25.6 - https:\/\/yoast.com\/wordpress\/plugins\/seo\/ -->\n<title>O que fazemos - Pelvicare Studio<\/title>\n<meta name=\"robots\" content=\"index, follow, max-snippet:-1, max-image-preview:large, max-video-preview:-1\" \/>\n<link rel=\"canonical\" href=\"https:\/\/www.pelvicarestudio.com\/index.php\/o-que-fazemos\/\" \/>\n<meta property=\"og:locale\" content=\"pt_PT\" \/>\n<meta property=\"og:type\" content=\"article\" \/>\n<meta property=\"og:title\" content=\"O que fazemos - Pelvicare Studio\" \/>\n<meta property=\"og:description\" content=\"O que fazemos Na\u00a0 Pelvicare Studio, somos especialistas em tratamentos n\u00e3o invasivos com tecnologia HIFEM (High-Intensity Focused Electromagnetic), desenvolvidos para fortalecer a musculatura p\u00e9lvica, combater a incontin\u00eancia urin\u00e1ria, melhorar a est\u00e9tica \u00edntima e tratar a disfun\u00e7\u00e3o er\u00e9til \u2014 tudo com conforto, seguran\u00e7a e resultados reais para homens e mulheres. A tecnologia HIFEM \u00e9 reconhecida internacionalmente&hellip;&nbsp;O que fazemos\" \/>\n<meta property=\"og:url\" content=\"https:\/\/www.pelvicarestudio.com\/index.php\/o-que-fazemos\/\" \/>\n<meta property=\"og:site_name\" content=\"Pelvicare Studio\" \/>\n<meta property=\"article:modified_time\" content=\"2025-10-12T12:03:00+00:00\" \/>\n<meta property=\"og:image\" content=\"https:\/\/www.pelvicarestudio.com\/wp-content\/uploads\/2025\/09\/logo_infarmed.jpg\" \/>\n\t<meta property=\"og:image:width\" content=\"741\" \/>\n\t<meta property=\"og:image:height\" content=\"323\" \/>\n\t<meta property=\"og:image:type\" content=\"image\/jpeg\" \/>\n<meta name=\"twitter:card\" content=\"summary_large_image\" \/>\n<meta name=\"twitter:label1\" content=\"Tempo estimado de leitura\" \/>\n\t<meta name=\"twitter:data1\" content=\"3 minutos\" \/>\n<script type=\"application\/ld+json\" class=\"yoast-schema-graph\">{\"@context\":\"https:\/\/schema.org\",\"@graph\":[{\"@type\":\"WebPage\",\"@id\":\"https:\/\/www.pelvicarestudio.com\/index.php\/o-que-fazemos\/\",\"url\":\"https:\/\/www.pelvicarestudio.com\/index.php\/o-que-fazemos\/\",\"name\":\"O que fazemos - Pelvicare Studio\",\"isPartOf\":{\"@id\":\"https:\/\/www.pelvicarestudio.com\/#website\"},\"primaryImageOfPage\":{\"@id\":\"https:\/\/www.pelvicarestudio.com\/index.php\/o-que-fazemos\/#primaryimage\"},\"image\":{\"@id\":\"https:\/\/www.pelvicarestudio.com\/index.php\/o-que-fazemos\/#primaryimage\"},\"thumbnailUrl\":\"https:\/\/www.pelvicarestudio.com\/wp-content\/uploads\/2025\/09\/logo_infarmed.jpg\",\"datePublished\":\"2025-08-03T21:58:44+00:00\",\"dateModified\":\"2025-10-12T12:03:00+00:00\",\"breadcrumb\":{\"@id\":\"https:\/\/www.pelvicarestudio.com\/index.php\/o-que-fazemos\/#breadcrumb\"},\"inLanguage\":\"pt-PT\",\"potentialAction\":[{\"@type\":\"ReadAction\",\"target\":[\"https:\/\/www.pelvicarestudio.com\/index.php\/o-que-fazemos\/\"]}]},{\"@type\":\"ImageObject\",\"inLanguage\":\"pt-PT\",\"@id\":\"https:\/\/www.pelvicarestudio.com\/index.php\/o-que-fazemos\/#primaryimage\",\"url\":\"https:\/\/www.pelvicarestudio.com\/wp-content\/uploads\/2025\/09\/logo_infarmed.jpg\",\"contentUrl\":\"https:\/\/www.pelvicarestudio.com\/wp-content\/uploads\/2025\/09\/logo_infarmed.jpg\",\"width\":741,\"height\":323},{\"@type\":\"BreadcrumbList\",\"@id\":\"https:\/\/www.pelvicarestudio.com\/index.php\/o-que-fazemos\/#breadcrumb\",\"itemListElement\":[{\"@type\":\"ListItem\",\"position\":1,\"name\":\"In\u00edcio\",\"item\":\"https:\/\/www.pelvicarestudio.com\/\"},{\"@type\":\"ListItem\",\"position\":2,\"name\":\"O que fazemos\"}]},{\"@type\":\"WebSite\",\"@id\":\"https:\/\/www.pelvicarestudio.com\/#website\",\"url\":\"https:\/\/www.pelvicarestudio.com\/\",\"name\":\"Pelvicare Studio\",\"description\":\"\",\"potentialAction\":[{\"@type\":\"SearchAction\",\"target\":{\"@type\":\"EntryPoint\",\"urlTemplate\":\"https:\/\/www.pelvicarestudio.com\/?s={search_term_string}\"},\"query-input\":{\"@type\":\"PropertyValueSpecification\",\"valueRequired\":true,\"valueName\":\"search_term_string\"}}],\"inLanguage\":\"pt-PT\"}]}<\/script>\n<!-- \/ Yoast SEO plugin. -->","yoast_head_json":{"title":"O que fazemos - Pelvicare Studio","robots":{"index":"index","follow":"follow","max-snippet":"max-snippet:-1","max-image-preview":"max-image-preview:large","max-video-preview":"max-video-preview:-1"},"canonical":"https:\/\/www.pelvicarestudio.com\/index.php\/o-que-fazemos\/","og_locale":"pt_PT","og_type":"article","og_title":"O que fazemos - Pelvicare Studio","og_description":"O que fazemos Na\u00a0 Pelvicare Studio, somos especialistas em tratamentos n\u00e3o invasivos com tecnologia HIFEM (High-Intensity Focused Electromagnetic), desenvolvidos para fortalecer a musculatura p\u00e9lvica, combater a incontin\u00eancia urin\u00e1ria, melhorar a est\u00e9tica \u00edntima e tratar a disfun\u00e7\u00e3o er\u00e9til \u2014 tudo com conforto, seguran\u00e7a e resultados reais para homens e mulheres. A tecnologia HIFEM \u00e9 reconhecida internacionalmente&hellip;&nbsp;O que fazemos","og_url":"https:\/\/www.pelvicarestudio.com\/index.php\/o-que-fazemos\/","og_site_name":"Pelvicare Studio","article_modified_time":"2025-10-12T12:03:00+00:00","og_image":[{"width":741,"height":323,"url":"https:\/\/www.pelvicarestudio.com\/wp-content\/uploads\/2025\/09\/logo_infarmed.jpg","type":"image\/jpeg"}],"twitter_card":"summary_large_image","twitter_misc":{"Tempo estimado de leitura":"3 minutos"},"schema":{"@context":"https:\/\/schema.org","@graph":[{"@type":"WebPage","@id":"https:\/\/www.pelvicarestudio.com\/index.php\/o-que-fazemos\/","url":"https:\/\/www.pelvicarestudio.com\/index.php\/o-que-fazemos\/","name":"O que fazemos - Pelvicare Studio","isPartOf":{"@id":"https:\/\/www.pelvicarestudio.com\/#website"},"primaryImageOfPage":{"@id":"https:\/\/www.pelvicarestudio.com\/index.php\/o-que-fazemos\/#primaryimage"},"image":{"@id":"https:\/\/www.pelvicarestudio.com\/index.php\/o-que-fazemos\/#primaryimage"},"thumbnailUrl":"https:\/\/www.pelvicarestudio.com\/wp-content\/uploads\/2025\/09\/logo_infarmed.jpg","datePublished":"2025-08-03T21:58:44+00:00","dateModified":"2025-10-12T12:03:00+00:00","breadcrumb":{"@id":"https:\/\/www.pelvicarestudio.com\/index.php\/o-que-fazemos\/#breadcrumb"},"inLanguage":"pt-PT","potentialAction":[{"@type":"ReadAction","target":["https:\/\/www.pelvicarestudio.com\/index.php\/o-que-fazemos\/"]}]},{"@type":"ImageObject","inLanguage":"pt-PT","@id":"https:\/\/www.pelvicarestudio.com\/index.php\/o-que-fazemos\/#primaryimage","url":"https:\/\/www.pelvicarestudio.com\/wp-content\/uploads\/2025\/09\/logo_infarmed.jpg","contentUrl":"https:\/\/www.pelvicarestudio.com\/wp-content\/uploads\/2025\/09\/logo_infarmed.jpg","width":741,"height":323},{"@type":"BreadcrumbList","@id":"https:\/\/www.pelvicarestudio.com\/index.php\/o-que-fazemos\/#breadcrumb","itemListElement":[{"@type":"ListItem","position":1,"name":"In\u00edcio","item":"https:\/\/www.pelvicarestudio.com\/"},{"@type":"ListItem","position":2,"name":"O que fazemos"}]},{"@type":"WebSite","@id":"https:\/\/www.pelvicarestudio.com\/#website","url":"https:\/\/www.pelvicarestudio.com\/","name":"Pelvicare Studio","description":"","potentialAction":[{"@type":"SearchAction","target":{"@type":"EntryPoint","urlTemplate":"https:\/\/www.pelvicarestudio.com\/?s={search_term_string}"},"query-input":{"@type":"PropertyValueSpecification","valueRequired":true,"valueName":"search_term_string"}}],"inLanguage":"pt-PT"}]}},"_links":{"self":[{"href":"https:\/\/www.pelvicarestudio.com\/index.php\/wp-json\/wp\/v2\/pages\/19","targetHints":{"allow":["GET"]}}],"collection":[{"href":"https:\/\/www.pelvicarestudio.com\/index.php\/wp-json\/wp\/v2\/pages"}],"about":[{"href":"https:\/\/www.pelvicarestudio.com\/index.php\/wp-json\/wp\/v2\/types\/page"}],"author":[{"embeddable":true,"href":"https:\/\/www.pelvicarestudio.com\/index.php\/wp-json\/wp\/v2\/users\/1"}],"replies":[{"embeddable":true,"href":"https:\/\/www.pelvicarestudio.com\/index.php\/wp-json\/wp\/v2\/comments?post=19"}],"version-history":[{"count":70,"href":"https:\/\/www.pelvicarestudio.com\/index.php\/wp-json\/wp\/v2\/pages\/19\/revisions"}],"predecessor-version":[{"id":768,"href":"https:\/\/www.pelvicarestudio.com\/index.php\/wp-json\/wp\/v2\/pages\/19\/revisions\/768"}],"wp:attachment":[{"href":"https:\/\/www.pelvicarestudio.com\/index.php\/wp-json\/wp\/v2\/media?parent=19"}],"curies":[{"name":"wp","href":"https:\/\/api.w.org\/{rel}","templated":true}]}}